{"id":20158,"date":"2024-07-04T10:36:46","date_gmt":"2024-07-04T08:36:46","guid":{"rendered":"https:\/\/www.metrolab.com\/?page_id=20158"},"modified":"2024-07-04T10:36:46","modified_gmt":"2024-07-04T08:36:46","slug":"contact-2","status":"publish","type":"page","link":"https:\/\/www.metrolab.com\/fr\/contact-2\/","title":{"rendered":"Contact"},"content":{"rendered":"<div class=\"wpb-content-wrapper\">[vc_row thb_full_width=&#8221;true&#8221; thb_row_padding=&#8221;true&#8221; thb_column_padding=&#8221;true&#8221; full_height=&#8221;yes&#8221; content_placement=&#8221;middle&#8221; css=&#8221;.vc_custom_1700221624190{margin-bottom: 10vh !important;padding-top: 20vh !important;padding-bottom: 15vh !important;background-image: url(https:\/\/www.metrolab.com\/wp-content\/uploads\/2023\/10\/R13_4559-scaled.jpg?id=16976) !important;background-position: center !important;background-repeat: no-repeat !important;background-size: cover !important;}&#8221; bg_gradient1=&#8221;rgba(34,58,134,0.41)&#8221; bg_gradient2=&#8221;rgba(34,58,134,0.41)&#8221;][vc_column thb_color=&#8221;thb-light-column&#8221;][vc_row_inner][vc_column_inner offset=&#8221;vc_col-lg-6 vc_col-md-9&#8243;]\t<div id=\"thb-slidetype-69d26df7e8526\" class=\"thb-slidetype \" data-style=\"style1\">\n\t\t\n<h1><span class=\"thb-slidetype-entry\"><span class=\"lines\">Contact<\/span><\/span><\/h1>\n\t\t\t<\/div>\n\n\t[vc_empty_space height=&#8221;10px&#8221;][vc_column_text animation=&#8221;animation fade-in&#8221;]\n<h5>Contactez-nous pour toutes questions ou demandes. Notre \u00e9quipe se tient \u00e0 votre enti\u00e8re disposition pour vous r\u00e9pondre.<\/h5>\n[\/vc_column_text][vc_empty_space height=&#8221;20px&#8221;][\/vc_column_inner][\/vc_row_inner][\/vc_column][\/vc_row][vc_row el_class=&#8221;align-center&#8221; css=&#8221;.vc_custom_1474474645883{padding-top: 10vh !important;padding-bottom: 10vh !important;}&#8221;][vc_column width=&#8221;1\/3&#8243; css=&#8221;.vc_custom_1516377398176{padding-right: 20% !important;}&#8221;][vc_column_text css=&#8221;.vc_custom_1696341102297{border-bottom-width: 2px !important;padding-bottom: 30px !important;border-bottom-color: #f4f4f4 !important;border-bottom-style: solid !important;}&#8221;]<strong>Si\u00e8ge<\/strong><\/p>\n<p style=\"font-size: 14px;\">Metrolab Technology SA<br \/>\nch. du Pont-du-Centenaire 110<br \/>\nCH \u2013 1228 Plan-les-Ouates<\/p>\n<p>contacts@metrolab.com<br \/>\n+41 22 884 33 11[\/vc_column_text][vc_gmaps link=&#8221;#E-8_JTNDaWZyYW1lJTIwc3JjJTNEJTIyaHR0cHMlM0ElMkYlMkZ3d3cuZ29vZ2xlLmNvbSUyRm1hcHMlMkZlbWJlZCUzRnBiJTNEJTIxMW0xOCUyMTFtMTIlMjExbTMlMjExZDI3NjMuMDU5NDg5ODAzMzI4MiUyMTJkNi4xMDYwNzgwNzYxNTEyMiUyMTNkNDYuMTY5NDcxNDg2MTA2NjUlMjEybTMlMjExZjAlMjEyZjAlMjEzZjAlMjEzbTIlMjExaTEwMjQlMjEyaTc2OCUyMTRmMTMuMSUyMTNtMyUyMTFtMiUyMTFzMHg0NzhjN2I3MmY1Mzg0OTZmJTI1M0EweDI1NDAwZDAyMDVlMDg3MTElMjEyc01ldHJvbGFiJTI1MjBUZWNobm9sb2d5JTI1MjBTQSUyMTVlMCUyMTNtMiUyMTFzZnIlMjEyc2NoJTIxNHYxNjk2OTIxMDQ5NDkxJTIxNW0yJTIxMXNmciUyMTJzY2glMjIlMjB3aWR0aCUzRCUyMjQwMCUyMiUyMGhlaWdodCUzRCUyMjMwMCUyMiUyMHN0eWxlJTNEJTIyYm9yZGVyJTNBMCUzQiUyMiUyMGFsbG93ZnVsbHNjcmVlbiUzRCUyMiUyMiUyMGxvYWRpbmclM0QlMjJsYXp5JTIyJTIwcmVmZXJyZXJwb2xpY3klM0QlMjJuby1yZWZlcnJlci13aGVuLWRvd25ncmFkZSUyMiUzRSUzQyUyRmlmcmFtZSUzRQ==&#8221;][vc_column_text css=&#8221;.vc_custom_1696340983939{border-bottom-width: 2px !important;padding-bottom: 30px !important;border-bottom-color: #f4f4f4 !important;border-bottom-style: solid !important;}&#8221;]<strong>Cari\u00e8re<\/strong><\/p>\n<p style=\"font-size: 14px;\">Si vous avez des questions concernant nos offres d&#8217;emploi ouvertes, n&#8217;h\u00e9sitez pas \u00e0 nous contacter \u00e0 l&#8217;adresse directe : jobs@metrolab.com<\/p>\n[\/vc_column_text]\t<a class=\"btn-text   style5\" href=\"https:\/\/www.metrolab.com\/jobs\/\" target=\"_self\" role=\"button\" title=\"D\u00e9couvrez les postes ouverts\">\n\t\t<span>D\u00e9couvrez les postes ouverts<\/span>\n\t\t\t\t\t<div class=\"arrow\"><svg xmlns=\"http:\/\/www.w3.org\/2000\/svg\" xmlns:xlink=\"http:\/\/www.w3.org\/1999\/xlink\" x=\"0px\" y=\"0px\"\r\n\t width=\"30px\" height=\"18px\" viewBox=\"0 0 30 18\" enable-background=\"new 0 0 30 18\" xml:space=\"preserve\">\r\n<path class=\"handle\" d=\"M20.305,16.212c-0.407,0.409-0.407,1.071,0,1.479s1.068,0.408,1.476,0l7.914-7.952c0.408-0.409,0.408-1.071,0-1.481\r\n\tl-7.914-7.952c-0.407-0.409-1.068-0.409-1.476,0s-0.407,1.071,0,1.48l7.185,7.221L20.305,16.212z\"\/>\r\n<path class=\"bar\" fill-rule=\"evenodd\" clip-rule=\"evenodd\" d=\"M1,8h28.001c0.551,0,1,0.448,1,1c0,0.553-0.449,1-1,1H1c-0.553,0-1-0.447-1-1\r\n\tC0,8.448,0.447,8,1,8z\"\/>\r\n<\/svg>\r\n<\/div><\/a>\n\n\t[\/vc_column][vc_column width=&#8221;2\/3&#8243;]\n<div class=\"wpcf7 no-js\" id=\"wpcf7-f16738-o1\" lang=\"fr-FR\" dir=\"ltr\">\n<div class=\"screen-reader-response\"><p role=\"status\" aria-live=\"polite\" aria-atomic=\"true\"><\/p> <ul><\/ul><\/div>\n<form action=\"\/fr\/wp-json\/wp\/v2\/pages\/20158#wpcf7-f16738-o1\" method=\"post\" class=\"wpcf7-form init\" aria-label=\"Formulaire de contact\" novalidate=\"novalidate\" data-status=\"init\">\n<div style=\"display: none;\">\n<input type=\"hidden\" name=\"_wpcf7\" value=\"16738\" \/>\n<input type=\"hidden\" name=\"_wpcf7_version\" value=\"5.9.4\" \/>\n<input type=\"hidden\" name=\"_wpcf7_locale\" value=\"fr_FR\" \/>\n<input type=\"hidden\" name=\"_wpcf7_unit_tag\" value=\"wpcf7-f16738-o1\" \/>\n<input type=\"hidden\" name=\"_wpcf7_container_post\" value=\"0\" \/>\n<input type=\"hidden\" name=\"_wpcf7_posted_data_hash\" value=\"\" \/>\n<input type=\"hidden\" name=\"_wpcf7_recaptcha_response\" value=\"\" \/>\n<\/div>\n<p><label> Votre nom<br \/>\n<span class=\"wpcf7-form-control-wrap\" data-name=\"your-name\"><input size=\"40\" class=\"wpcf7-form-control wpcf7-text wpcf7-validates-as-required\" autocomplete=\"name\" aria-required=\"true\" aria-invalid=\"false\" value=\"\" type=\"text\" name=\"your-name\" \/><\/span> <\/label>\n<\/p>\n<p><label> Votre e-mail<br \/>\n<span class=\"wpcf7-form-control-wrap\" data-name=\"your-email\"><input size=\"40\" class=\"wpcf7-form-control wpcf7-email wpcf7-validates-as-required wpcf7-text wpcf7-validates-as-email\" autocomplete=\"email\" aria-required=\"true\" aria-invalid=\"false\" value=\"\" type=\"email\" name=\"your-email\" \/><\/span> <\/label>\n<\/p>\n<p><label> Objet<br \/>\n<span class=\"wpcf7-form-control-wrap\" data-name=\"your-subject\"><input size=\"40\" class=\"wpcf7-form-control wpcf7-text wpcf7-validates-as-required\" aria-required=\"true\" aria-invalid=\"false\" value=\"\" type=\"text\" name=\"your-subject\" \/><\/span> <\/label>\n<\/p>\n<p><label> Votre message (facultatif)<br \/>\n<span class=\"wpcf7-form-control-wrap\" data-name=\"your-message\"><textarea cols=\"40\" rows=\"10\" class=\"wpcf7-form-control wpcf7-textarea\" aria-invalid=\"false\" name=\"your-message\"><\/textarea><\/span> <\/label>\n<\/p>\n<p><input class=\"wpcf7-form-control wpcf7-submit has-spinner\" type=\"submit\" value=\"Envoyer\" \/>\n<\/p><div class=\"wpcf7-response-output\" aria-hidden=\"true\"><\/div>\n<\/form>\n<\/div>\n[\/vc_column][\/vc_row][vc_row][vc_column][vc_empty_space height=&#8221;30px&#8221;][\/vc_column][\/vc_row]\n<\/div>","protected":false},"excerpt":{"rendered":"<p>[vc_row thb_full_width=&#8221;true&#8221; thb_row_padding=&#8221;true&#8221; thb_column_padding=&#8221;true&#8221; full_height=&#8221;yes&#8221; content_placement=&#8221;middle&#8221; css=&#8221;.vc_custom_1700221624190{margin-bottom: 10vh !important;padding-top: 20vh !important;padding-bottom: 15vh !important;background-image: url(https:\/\/www.metrolab.com\/wp-content\/uploads\/2023\/10\/R13_4559-scaled.jpg?id=16976) !important;background-position: center !important;background-repeat: no-repeat !important;background-size: cover !important;}&#8221; bg_gradient1=&#8221;rgba(34,58,134,0.41)&#8221; bg_gradient2=&#8221;rgba(34,58,134,0.41)&#8221;][vc_column thb_color=&#8221;thb-light-column&#8221;][vc_row_inner][vc_column_inner offset=&#8221;vc_col-lg-6 vc_col-md-9&#8243;][vc_empty_space height=&#8221;10px&#8221;][vc_column_text animation=&#8221;animation fade-in&#8221;] Contactez-nous pour toutes questions ou demandes. Notre \u00e9quipe se tient \u00e0 votre enti\u00e8re disposition pour vous r\u00e9pondre. [\/vc_column_text][vc_empty_space height=&#8221;20px&#8221;][\/vc_column_inner][\/vc_row_inner][\/vc_column][\/vc_row][vc_row el_class=&#8221;align-center&#8221; css=&#8221;.vc_custom_1474474645883{padding-top: 10vh !important;padding-bottom: 10vh !important;}&#8221;][vc_column width=&#8221;1\/3&#8243;&hellip;<\/p>\n","protected":false},"author":1,"featured_media":0,"parent":0,"menu_order":0,"comment_status":"closed","ping_status":"closed","template":"","meta":{"_acf_changed":false,"content-type":"","inline_featured_image":false,"_monsterinsights_skip_tracking":false,"_monsterinsights_sitenote_active":false,"_monsterinsights_sitenote_note":"","_monsterinsights_sitenote_category":0,"footnotes":""},"class_list":["post-20158","page","type-page","status-publish","hentry"],"acf":[],"yoast_head":"<!-- This site is optimized with the Yoast SEO plugin v22.7 - https:\/\/yoast.com\/wordpress\/plugins\/seo\/ -->\n<title>Contact - MetroLab<\/title>\n<meta name=\"robots\" content=\"index, follow, max-snippet:-1, max-image-preview:large, max-video-preview:-1\" \/>\n<link rel=\"canonical\" href=\"https:\/\/www.metrolab.com\/fr\/contact-2\/\" \/>\n<meta property=\"og:locale\" content=\"fr_FR\" \/>\n<meta property=\"og:type\" content=\"article\" \/>\n<meta property=\"og:title\" content=\"Contact - MetroLab\" \/>\n<meta property=\"og:description\" content=\"[vc_row thb_full_width=&#8221;true&#8221; thb_row_padding=&#8221;true&#8221; thb_column_padding=&#8221;true&#8221; full_height=&#8221;yes&#8221; content_placement=&#8221;middle&#8221; css=&#8221;.vc_custom_1700221624190{margin-bottom: 10vh !important;padding-top: 20vh !important;padding-bottom: 15vh !important;background-image: url(https:\/\/www.metrolab.com\/wp-content\/uploads\/2023\/10\/R13_4559-scaled.jpg?id=16976) !important;background-position: center !important;background-repeat: no-repeat !important;background-size: cover !important;}&#8221; bg_gradient1=&#8221;rgba(34,58,134,0.41)&#8221; bg_gradient2=&#8221;rgba(34,58,134,0.41)&#8221;][vc_column thb_color=&#8221;thb-light-column&#8221;][vc_row_inner][vc_column_inner offset=&#8221;vc_col-lg-6 vc_col-md-9&#8243;][vc_empty_space height=&#8221;10px&#8221;][vc_column_text animation=&#8221;animation fade-in&#8221;] Contactez-nous pour toutes questions ou demandes. Notre \u00e9quipe se tient \u00e0 votre enti\u00e8re disposition pour vous r\u00e9pondre. [\/vc_column_text][vc_empty_space height=&#8221;20px&#8221;][\/vc_column_inner][\/vc_row_inner][\/vc_column][\/vc_row][vc_row el_class=&#8221;align-center&#8221; css=&#8221;.vc_custom_1474474645883{padding-top: 10vh !important;padding-bottom: 10vh !important;}&#8221;][vc_column width=&#8221;1\/3&#8243;&hellip;\" \/>\n<meta property=\"og:url\" content=\"https:\/\/www.metrolab.com\/fr\/contact-2\/\" \/>\n<meta property=\"og:site_name\" content=\"MetroLab\" \/>\n<meta property=\"article:publisher\" content=\"https:\/\/www.facebook.com\/metrolabtech\" \/>\n<meta name=\"twitter:card\" content=\"summary_large_image\" \/>\n<meta name=\"twitter:label1\" content=\"Dur\u00e9e de lecture estim\u00e9e\" \/>\n\t<meta name=\"twitter:data1\" content=\"2 minutes\" \/>\n<script type=\"application\/ld+json\" class=\"yoast-schema-graph\">{\"@context\":\"https:\/\/schema.org\",\"@graph\":[{\"@type\":\"WebPage\",\"@id\":\"https:\/\/www.metrolab.com\/fr\/contact-2\/\",\"url\":\"https:\/\/www.metrolab.com\/fr\/contact-2\/\",\"name\":\"Contact - MetroLab\",\"isPartOf\":{\"@id\":\"https:\/\/www.metrolab.com\/#website\"},\"datePublished\":\"2024-07-04T08:36:46+00:00\",\"dateModified\":\"2024-07-04T08:36:46+00:00\",\"breadcrumb\":{\"@id\":\"https:\/\/www.metrolab.com\/fr\/contact-2\/#breadcrumb\"},\"inLanguage\":\"fr-FR\",\"potentialAction\":[{\"@type\":\"ReadAction\",\"target\":[\"https:\/\/www.metrolab.com\/fr\/contact-2\/\"]}]},{\"@type\":\"BreadcrumbList\",\"@id\":\"https:\/\/www.metrolab.com\/fr\/contact-2\/#breadcrumb\",\"itemListElement\":[{\"@type\":\"ListItem\",\"position\":1,\"name\":\"Home\",\"item\":\"https:\/\/www.metrolab.com\/fr\/\"},{\"@type\":\"ListItem\",\"position\":2,\"name\":\"Contact\"}]},{\"@type\":\"WebSite\",\"@id\":\"https:\/\/www.metrolab.com\/#website\",\"url\":\"https:\/\/www.metrolab.com\/\",\"name\":\"Metrolab\",\"description\":\"Magnet Precision has a name\",\"publisher\":{\"@id\":\"https:\/\/www.metrolab.com\/#organization\"},\"potentialAction\":[{\"@type\":\"SearchAction\",\"target\":{\"@type\":\"EntryPoint\",\"urlTemplate\":\"https:\/\/www.metrolab.com\/?s={search_term_string}\"},\"query-input\":\"required name=search_term_string\"}],\"inLanguage\":\"fr-FR\"},{\"@type\":\"Organization\",\"@id\":\"https:\/\/www.metrolab.com\/#organization\",\"name\":\"Metrolab Technology SA\",\"url\":\"https:\/\/www.metrolab.com\/\",\"logo\":{\"@type\":\"ImageObject\",\"inLanguage\":\"fr-FR\",\"@id\":\"https:\/\/www.metrolab.com\/#\/schema\/logo\/image\/\",\"url\":\"https:\/\/www.metrolab.com\/wp-content\/uploads\/2023\/07\/metrolab-logo-web.png\",\"contentUrl\":\"https:\/\/www.metrolab.com\/wp-content\/uploads\/2023\/07\/metrolab-logo-web.png\",\"width\":350,\"height\":55,\"caption\":\"Metrolab Technology SA\"},\"image\":{\"@id\":\"https:\/\/www.metrolab.com\/#\/schema\/logo\/image\/\"},\"sameAs\":[\"https:\/\/www.facebook.com\/metrolabtech\",\"https:\/\/www.linkedin.com\/company\/metrolab-technology\/\",\"https:\/\/www.youtube.com\/channel\/UCxOV77HrPs6xb1weLsByedA\"]}]}<\/script>\n<!-- \/ Yoast SEO plugin. -->","yoast_head_json":{"title":"Contact - MetroLab","robots":{"index":"index","follow":"follow","max-snippet":"max-snippet:-1","max-image-preview":"max-image-preview:large","max-video-preview":"max-video-preview:-1"},"canonical":"https:\/\/www.metrolab.com\/fr\/contact-2\/","og_locale":"fr_FR","og_type":"article","og_title":"Contact - MetroLab","og_description":"[vc_row thb_full_width=&#8221;true&#8221; thb_row_padding=&#8221;true&#8221; thb_column_padding=&#8221;true&#8221; full_height=&#8221;yes&#8221; content_placement=&#8221;middle&#8221; css=&#8221;.vc_custom_1700221624190{margin-bottom: 10vh !important;padding-top: 20vh !important;padding-bottom: 15vh !important;background-image: url(https:\/\/www.metrolab.com\/wp-content\/uploads\/2023\/10\/R13_4559-scaled.jpg?id=16976) !important;background-position: center !important;background-repeat: no-repeat !important;background-size: cover !important;}&#8221; bg_gradient1=&#8221;rgba(34,58,134,0.41)&#8221; bg_gradient2=&#8221;rgba(34,58,134,0.41)&#8221;][vc_column thb_color=&#8221;thb-light-column&#8221;][vc_row_inner][vc_column_inner offset=&#8221;vc_col-lg-6 vc_col-md-9&#8243;][vc_empty_space height=&#8221;10px&#8221;][vc_column_text animation=&#8221;animation fade-in&#8221;] Contactez-nous pour toutes questions ou demandes. Notre \u00e9quipe se tient \u00e0 votre enti\u00e8re disposition pour vous r\u00e9pondre. [\/vc_column_text][vc_empty_space height=&#8221;20px&#8221;][\/vc_column_inner][\/vc_row_inner][\/vc_column][\/vc_row][vc_row el_class=&#8221;align-center&#8221; css=&#8221;.vc_custom_1474474645883{padding-top: 10vh !important;padding-bottom: 10vh !important;}&#8221;][vc_column width=&#8221;1\/3&#8243;&hellip;","og_url":"https:\/\/www.metrolab.com\/fr\/contact-2\/","og_site_name":"MetroLab","article_publisher":"https:\/\/www.facebook.com\/metrolabtech","twitter_card":"summary_large_image","twitter_misc":{"Dur\u00e9e de lecture estim\u00e9e":"2 minutes"},"schema":{"@context":"https:\/\/schema.org","@graph":[{"@type":"WebPage","@id":"https:\/\/www.metrolab.com\/fr\/contact-2\/","url":"https:\/\/www.metrolab.com\/fr\/contact-2\/","name":"Contact - MetroLab","isPartOf":{"@id":"https:\/\/www.metrolab.com\/#website"},"datePublished":"2024-07-04T08:36:46+00:00","dateModified":"2024-07-04T08:36:46+00:00","breadcrumb":{"@id":"https:\/\/www.metrolab.com\/fr\/contact-2\/#breadcrumb"},"inLanguage":"fr-FR","potentialAction":[{"@type":"ReadAction","target":["https:\/\/www.metrolab.com\/fr\/contact-2\/"]}]},{"@type":"BreadcrumbList","@id":"https:\/\/www.metrolab.com\/fr\/contact-2\/#breadcrumb","itemListElement":[{"@type":"ListItem","position":1,"name":"Home","item":"https:\/\/www.metrolab.com\/fr\/"},{"@type":"ListItem","position":2,"name":"Contact"}]},{"@type":"WebSite","@id":"https:\/\/www.metrolab.com\/#website","url":"https:\/\/www.metrolab.com\/","name":"Metrolab","description":"Magnet Precision has a name","publisher":{"@id":"https:\/\/www.metrolab.com\/#organization"},"potentialAction":[{"@type":"SearchAction","target":{"@type":"EntryPoint","urlTemplate":"https:\/\/www.metrolab.com\/?s={search_term_string}"},"query-input":"required name=search_term_string"}],"inLanguage":"fr-FR"},{"@type":"Organization","@id":"https:\/\/www.metrolab.com\/#organization","name":"Metrolab Technology SA","url":"https:\/\/www.metrolab.com\/","logo":{"@type":"ImageObject","inLanguage":"fr-FR","@id":"https:\/\/www.metrolab.com\/#\/schema\/logo\/image\/","url":"https:\/\/www.metrolab.com\/wp-content\/uploads\/2023\/07\/metrolab-logo-web.png","contentUrl":"https:\/\/www.metrolab.com\/wp-content\/uploads\/2023\/07\/metrolab-logo-web.png","width":350,"height":55,"caption":"Metrolab Technology SA"},"image":{"@id":"https:\/\/www.metrolab.com\/#\/schema\/logo\/image\/"},"sameAs":["https:\/\/www.facebook.com\/metrolabtech","https:\/\/www.linkedin.com\/company\/metrolab-technology\/","https:\/\/www.youtube.com\/channel\/UCxOV77HrPs6xb1weLsByedA"]}]}},"_links":{"self":[{"href":"https:\/\/www.metrolab.com\/fr\/wp-json\/wp\/v2\/pages\/20158","targetHints":{"allow":["GET"]}}],"collection":[{"href":"https:\/\/www.metrolab.com\/fr\/wp-json\/wp\/v2\/pages"}],"about":[{"href":"https:\/\/www.metrolab.com\/fr\/wp-json\/wp\/v2\/types\/page"}],"author":[{"embeddable":true,"href":"https:\/\/www.metrolab.com\/fr\/wp-json\/wp\/v2\/users\/1"}],"replies":[{"embeddable":true,"href":"https:\/\/www.metrolab.com\/fr\/wp-json\/wp\/v2\/comments?post=20158"}],"version-history":[{"count":1,"href":"https:\/\/www.metrolab.com\/fr\/wp-json\/wp\/v2\/pages\/20158\/revisions"}],"predecessor-version":[{"id":20160,"href":"https:\/\/www.metrolab.com\/fr\/wp-json\/wp\/v2\/pages\/20158\/revisions\/20160"}],"wp:attachment":[{"href":"https:\/\/www.metrolab.com\/fr\/wp-json\/wp\/v2\/media?parent=20158"}],"curies":[{"name":"wp","href":"https:\/\/api.w.org\/{rel}","templated":true}]}}