{"id":19718,"date":"2024-03-25T11:14:16","date_gmt":"2024-03-25T10:14:16","guid":{"rendered":"https:\/\/www.metrolab.com\/?page_id=19718"},"modified":"2024-03-25T11:26:55","modified_gmt":"2024-03-25T10:26:55","slug":"mentions-legales","status":"publish","type":"page","link":"https:\/\/www.metrolab.com\/fr\/mentions-legales\/","title":{"rendered":"Mentions L\u00e9gales"},"content":{"rendered":"<div class=\"wpb-content-wrapper\">[vc_row thb_full_width=&#8221;true&#8221; thb_row_padding=&#8221;true&#8221; thb_column_padding=&#8221;true&#8221; css=&#8221;.vc_custom_1698675987858{margin-bottom: 10vh !important;padding-top: 12vh !important;padding-bottom: 12vh !important;background-color: #223a86 !important;background-position: center !important;background-repeat: no-repeat !important;background-size: cover !important;}&#8221; bg_gradient1=&#8221;rgba(34,58,134,0.4)&#8221; bg_gradient2=&#8221;rgba(34,58,134,0.6)&#8221;][vc_column][vc_row_inner][vc_column_inner thb_color=&#8221;thb-light-column&#8221; offset=&#8221;vc_col-lg-5 vc_col-md-7&#8243;]\t<div id=\"thb-slidetype-69dd11c9aa370\" class=\"thb-slidetype \" data-style=\"style2\">\n\t\t\n<h1><span class=\"thb-slidetype-entry\"><span class=\"lines\">Mentions l\u00e9gales<\/span><\/span><\/h1>\n\t\t\t<\/div>\n\n\t[vc_empty_space height=&#8221;12px&#8221;][\/vc_column_inner][\/vc_row_inner][\/vc_column][\/vc_row][vc_row css=&#8221;.vc_custom_1531485647105{margin-bottom: 10vh !important;}&#8221;][vc_column fixed=&#8221;thb-fixed&#8221; css=&#8221;.vc_custom_1531485361835{padding-right: 20px !important;}&#8221;][vc_column_text]\n<h4>Utilisation du site web<\/h4>\n<p>Le contenu des sites web www.metrolab.com, metrolab.com, www.metrolab.ch et metrolab.ch (&#8220;ce site web&#8221;) est la propri\u00e9t\u00e9 de Metrolab Technology SA, 110 chemin du Pont-du-Centenaire, CH-1228, Suisse (&#8220;Metrolab&#8221;).<\/p>\n<p>Sans l&#8217;accord \u00e9crit expr\u00e8s de Metrolab, vous n&#8217;\u00eates pas autoris\u00e9 \u00e0 modifier le contenu de ce site web de quelque mani\u00e8re que ce soit, ni \u00e0 le reproduire, le distribuer ou l&#8217;utiliser de quelque mani\u00e8re que ce soit \u00e0 des fins publiques ou commerciales. Toute utilisation de ce mat\u00e9riel sur un autre site web est interdite.<\/p>\n<h4>Liens vers le pr\u00e9sent site web<\/h4>\n<p>Vous pouvez cr\u00e9er des liens vers ce site web \u00e0 partir d&#8217;autres sites, mais uniquement dans le respect des r\u00e8gles suivantes :<\/p>\n<ul>\n<li>Vous pouvez cr\u00e9er un lien vers le contenu de Metrolab, mais pas le reproduire.<\/li>\n<li>Vous ne pouvez pas cr\u00e9er un navigateur ou un environnement frontalier autour du contenu de Metrolab (&#8220;framing&#8221;) ou ins\u00e9rer une image de ce site web dans un autre contexte (&#8220;in-line linking&#8221;).<\/li>\n<li>Vous ne devez pas pr\u00e9senter de mani\u00e8re inexacte votre relation avec Metrolab.<\/li>\n<li>Vous ne devez pas pr\u00e9senter de fausses informations sur les produits ou services de Metrolab.<\/li>\n<li>Vous ne pouvez pas utiliser le logo de Metrolab sans l&#8217;autorisation de Metrolab.<\/li>\n<\/ul>\n<h4>Clause de non-responsabilit\u00e9<\/h4>\n<p>Les informations et le mat\u00e9riel figurant sur ce site web sont fournis &#8220;tels quels&#8221;, sans garantie d&#8217;aucune sorte, y compris les garanties de qualit\u00e9 marchande, d&#8217;ad\u00e9quation \u00e0 un usage particulier ou de non-violation de la propri\u00e9t\u00e9 intellectuelle.<\/p>\n<p>Les prix des produits indiqu\u00e9s sur ce site sont indicatifs. Le prix r\u00e9el que vous payez d\u00e9pend d&#8217;un certain nombre d&#8217;autres facteurs, tels que les remises quantitatives, les taux de change, les frais de transport, les taxes sur les ventes et les droits d&#8217;importation. Veuillez demander un devis formel et consulter nos conditions g\u00e9n\u00e9rales dans notre liste de prix.<\/p>\n<h4>Limitation de responsabilit\u00e9<\/h4>\n<p>Metrolab n&#8217;est pas responsable des dommages r\u00e9sultant de l&#8217;utilisation, de l&#8217;impossibilit\u00e9 d&#8217;utilisation ou des r\u00e9sultats de l&#8217;utilisation de ce site web ou de tout autre site web li\u00e9 \u00e0 ce site web. Si l&#8217;utilisation du mat\u00e9riel ou des informations de ce site Web entra\u00eene la n\u00e9cessit\u00e9 d&#8217;un entretien, d&#8217;une r\u00e9paration ou d&#8217;une correction de l&#8217;\u00e9quipement ou des donn\u00e9es, vous en assumez tous les co\u00fbts.<\/p>\n<h4>Politique de confidentialit\u00e9<\/h4>\n<p>Veuillez <a href=\"https:\/\/www.iubenda.com\/privacy-policy\/82463858\">cliquer ici pour consulter notre politique de confidentialit\u00e9<\/a>.<\/p>\n<h4>Politique en mati\u00e8re de cookies<\/h4>\n<p>Veuillez <a href=\"https:\/\/www.iubenda.com\/privacy-policy\/82463858\/cookie-policy\">cliquer ici pour consulter notre politique en mati\u00e8re de cookies<\/a>.<\/p>\n<h4>R\u00e9visions<\/h4>\n<p>Metrolab peut r\u00e9viser ces conditions \u00e0 tout moment en mettant \u00e0 jour cette publication. Les conditions affich\u00e9es au moment de votre utilisation sont contraignantes.[\/vc_column_text][vc_empty_space][\/vc_column][\/vc_row]\n<\/div>","protected":false},"excerpt":{"rendered":"<p>[vc_row thb_full_width=&#8221;true&#8221; thb_row_padding=&#8221;true&#8221; thb_column_padding=&#8221;true&#8221; css=&#8221;.vc_custom_1698675987858{margin-bottom: 10vh !important;padding-top: 12vh !important;padding-bottom: 12vh !important;background-color: #223a86 !important;background-position: center !important;background-repeat: no-repeat !important;background-size: cover !important;}&#8221; bg_gradient1=&#8221;rgba(34,58,134,0.4)&#8221; bg_gradient2=&#8221;rgba(34,58,134,0.6)&#8221;][vc_column][vc_row_inner][vc_column_inner thb_color=&#8221;thb-light-column&#8221; offset=&#8221;vc_col-lg-5 vc_col-md-7&#8243;][vc_empty_space height=&#8221;12px&#8221;][\/vc_column_inner][\/vc_row_inner][\/vc_column][\/vc_row][vc_row css=&#8221;.vc_custom_1531485647105{margin-bottom: 10vh !important;}&#8221;][vc_column fixed=&#8221;thb-fixed&#8221; css=&#8221;.vc_custom_1531485361835{padding-right: 20px !important;}&#8221;][vc_column_text] Utilisation du site web Le contenu des sites web www.metrolab.com, metrolab.com, www.metrolab.ch et metrolab.ch (&#8220;ce site web&#8221;) est la propri\u00e9t\u00e9 de Metrolab Technology&hellip;<\/p>\n","protected":false},"author":1,"featured_media":0,"parent":0,"menu_order":0,"comment_status":"closed","ping_status":"closed","template":"","meta":{"_acf_changed":false,"content-type":"","inline_featured_image":false,"_monsterinsights_skip_tracking":false,"_monsterinsights_sitenote_active":false,"_monsterinsights_sitenote_note":"","_monsterinsights_sitenote_category":0,"footnotes":""},"class_list":["post-19718","page","type-page","status-publish","hentry"],"acf":[],"yoast_head":"<!-- This site is optimized with the Yoast SEO plugin v22.7 - https:\/\/yoast.com\/wordpress\/plugins\/seo\/ -->\n<title>Mentions L\u00e9gales - MetroLab<\/title>\n<meta name=\"robots\" content=\"index, follow, max-snippet:-1, max-image-preview:large, max-video-preview:-1\" \/>\n<link rel=\"canonical\" href=\"https:\/\/www.metrolab.com\/fr\/mentions-legales\/\" \/>\n<meta property=\"og:locale\" content=\"fr_FR\" \/>\n<meta property=\"og:type\" content=\"article\" \/>\n<meta property=\"og:title\" content=\"Mentions L\u00e9gales - MetroLab\" \/>\n<meta property=\"og:description\" content=\"[vc_row thb_full_width=&#8221;true&#8221; thb_row_padding=&#8221;true&#8221; thb_column_padding=&#8221;true&#8221; css=&#8221;.vc_custom_1698675987858{margin-bottom: 10vh !important;padding-top: 12vh !important;padding-bottom: 12vh !important;background-color: #223a86 !important;background-position: center !important;background-repeat: no-repeat !important;background-size: cover !important;}&#8221; bg_gradient1=&#8221;rgba(34,58,134,0.4)&#8221; bg_gradient2=&#8221;rgba(34,58,134,0.6)&#8221;][vc_column][vc_row_inner][vc_column_inner thb_color=&#8221;thb-light-column&#8221; offset=&#8221;vc_col-lg-5 vc_col-md-7&#8243;][vc_empty_space height=&#8221;12px&#8221;][\/vc_column_inner][\/vc_row_inner][\/vc_column][\/vc_row][vc_row css=&#8221;.vc_custom_1531485647105{margin-bottom: 10vh !important;}&#8221;][vc_column fixed=&#8221;thb-fixed&#8221; css=&#8221;.vc_custom_1531485361835{padding-right: 20px !important;}&#8221;][vc_column_text] Utilisation du site web Le contenu des sites web www.metrolab.com, metrolab.com, www.metrolab.ch et metrolab.ch (&#8220;ce site web&#8221;) est la propri\u00e9t\u00e9 de Metrolab Technology&hellip;\" \/>\n<meta property=\"og:url\" content=\"https:\/\/www.metrolab.com\/fr\/mentions-legales\/\" \/>\n<meta property=\"og:site_name\" content=\"MetroLab\" \/>\n<meta property=\"article:publisher\" content=\"https:\/\/www.facebook.com\/metrolabtech\" \/>\n<meta property=\"article:modified_time\" content=\"2024-03-25T10:26:55+00:00\" \/>\n<meta name=\"twitter:card\" content=\"summary_large_image\" \/>\n<meta name=\"twitter:label1\" content=\"Dur\u00e9e de lecture estim\u00e9e\" \/>\n\t<meta name=\"twitter:data1\" content=\"3 minutes\" \/>\n<script type=\"application\/ld+json\" class=\"yoast-schema-graph\">{\"@context\":\"https:\/\/schema.org\",\"@graph\":[{\"@type\":\"WebPage\",\"@id\":\"https:\/\/www.metrolab.com\/fr\/mentions-legales\/\",\"url\":\"https:\/\/www.metrolab.com\/fr\/mentions-legales\/\",\"name\":\"Mentions L\u00e9gales - MetroLab\",\"isPartOf\":{\"@id\":\"https:\/\/www.metrolab.com\/#website\"},\"datePublished\":\"2024-03-25T10:14:16+00:00\",\"dateModified\":\"2024-03-25T10:26:55+00:00\",\"breadcrumb\":{\"@id\":\"https:\/\/www.metrolab.com\/fr\/mentions-legales\/#breadcrumb\"},\"inLanguage\":\"fr-FR\",\"potentialAction\":[{\"@type\":\"ReadAction\",\"target\":[\"https:\/\/www.metrolab.com\/fr\/mentions-legales\/\"]}]},{\"@type\":\"BreadcrumbList\",\"@id\":\"https:\/\/www.metrolab.com\/fr\/mentions-legales\/#breadcrumb\",\"itemListElement\":[{\"@type\":\"ListItem\",\"position\":1,\"name\":\"Home\",\"item\":\"https:\/\/www.metrolab.com\/fr\/\"},{\"@type\":\"ListItem\",\"position\":2,\"name\":\"Mentions L\u00e9gales\"}]},{\"@type\":\"WebSite\",\"@id\":\"https:\/\/www.metrolab.com\/#website\",\"url\":\"https:\/\/www.metrolab.com\/\",\"name\":\"Metrolab\",\"description\":\"Magnet Precision has a name\",\"publisher\":{\"@id\":\"https:\/\/www.metrolab.com\/#organization\"},\"potentialAction\":[{\"@type\":\"SearchAction\",\"target\":{\"@type\":\"EntryPoint\",\"urlTemplate\":\"https:\/\/www.metrolab.com\/?s={search_term_string}\"},\"query-input\":\"required name=search_term_string\"}],\"inLanguage\":\"fr-FR\"},{\"@type\":\"Organization\",\"@id\":\"https:\/\/www.metrolab.com\/#organization\",\"name\":\"Metrolab Technology SA\",\"url\":\"https:\/\/www.metrolab.com\/\",\"logo\":{\"@type\":\"ImageObject\",\"inLanguage\":\"fr-FR\",\"@id\":\"https:\/\/www.metrolab.com\/#\/schema\/logo\/image\/\",\"url\":\"https:\/\/www.metrolab.com\/wp-content\/uploads\/2023\/07\/metrolab-logo-web.png\",\"contentUrl\":\"https:\/\/www.metrolab.com\/wp-content\/uploads\/2023\/07\/metrolab-logo-web.png\",\"width\":350,\"height\":55,\"caption\":\"Metrolab Technology SA\"},\"image\":{\"@id\":\"https:\/\/www.metrolab.com\/#\/schema\/logo\/image\/\"},\"sameAs\":[\"https:\/\/www.facebook.com\/metrolabtech\",\"https:\/\/www.linkedin.com\/company\/metrolab-technology\/\",\"https:\/\/www.youtube.com\/channel\/UCxOV77HrPs6xb1weLsByedA\"]}]}<\/script>\n<!-- \/ Yoast SEO plugin. -->","yoast_head_json":{"title":"Mentions L\u00e9gales - MetroLab","robots":{"index":"index","follow":"follow","max-snippet":"max-snippet:-1","max-image-preview":"max-image-preview:large","max-video-preview":"max-video-preview:-1"},"canonical":"https:\/\/www.metrolab.com\/fr\/mentions-legales\/","og_locale":"fr_FR","og_type":"article","og_title":"Mentions L\u00e9gales - MetroLab","og_description":"[vc_row thb_full_width=&#8221;true&#8221; thb_row_padding=&#8221;true&#8221; thb_column_padding=&#8221;true&#8221; css=&#8221;.vc_custom_1698675987858{margin-bottom: 10vh !important;padding-top: 12vh !important;padding-bottom: 12vh !important;background-color: #223a86 !important;background-position: center !important;background-repeat: no-repeat !important;background-size: cover !important;}&#8221; bg_gradient1=&#8221;rgba(34,58,134,0.4)&#8221; bg_gradient2=&#8221;rgba(34,58,134,0.6)&#8221;][vc_column][vc_row_inner][vc_column_inner thb_color=&#8221;thb-light-column&#8221; offset=&#8221;vc_col-lg-5 vc_col-md-7&#8243;][vc_empty_space height=&#8221;12px&#8221;][\/vc_column_inner][\/vc_row_inner][\/vc_column][\/vc_row][vc_row css=&#8221;.vc_custom_1531485647105{margin-bottom: 10vh !important;}&#8221;][vc_column fixed=&#8221;thb-fixed&#8221; css=&#8221;.vc_custom_1531485361835{padding-right: 20px !important;}&#8221;][vc_column_text] Utilisation du site web Le contenu des sites web www.metrolab.com, metrolab.com, www.metrolab.ch et metrolab.ch (&#8220;ce site web&#8221;) est la propri\u00e9t\u00e9 de Metrolab Technology&hellip;","og_url":"https:\/\/www.metrolab.com\/fr\/mentions-legales\/","og_site_name":"MetroLab","article_publisher":"https:\/\/www.facebook.com\/metrolabtech","article_modified_time":"2024-03-25T10:26:55+00:00","twitter_card":"summary_large_image","twitter_misc":{"Dur\u00e9e de lecture estim\u00e9e":"3 minutes"},"schema":{"@context":"https:\/\/schema.org","@graph":[{"@type":"WebPage","@id":"https:\/\/www.metrolab.com\/fr\/mentions-legales\/","url":"https:\/\/www.metrolab.com\/fr\/mentions-legales\/","name":"Mentions L\u00e9gales - MetroLab","isPartOf":{"@id":"https:\/\/www.metrolab.com\/#website"},"datePublished":"2024-03-25T10:14:16+00:00","dateModified":"2024-03-25T10:26:55+00:00","breadcrumb":{"@id":"https:\/\/www.metrolab.com\/fr\/mentions-legales\/#breadcrumb"},"inLanguage":"fr-FR","potentialAction":[{"@type":"ReadAction","target":["https:\/\/www.metrolab.com\/fr\/mentions-legales\/"]}]},{"@type":"BreadcrumbList","@id":"https:\/\/www.metrolab.com\/fr\/mentions-legales\/#breadcrumb","itemListElement":[{"@type":"ListItem","position":1,"name":"Home","item":"https:\/\/www.metrolab.com\/fr\/"},{"@type":"ListItem","position":2,"name":"Mentions L\u00e9gales"}]},{"@type":"WebSite","@id":"https:\/\/www.metrolab.com\/#website","url":"https:\/\/www.metrolab.com\/","name":"Metrolab","description":"Magnet Precision has a name","publisher":{"@id":"https:\/\/www.metrolab.com\/#organization"},"potentialAction":[{"@type":"SearchAction","target":{"@type":"EntryPoint","urlTemplate":"https:\/\/www.metrolab.com\/?s={search_term_string}"},"query-input":"required name=search_term_string"}],"inLanguage":"fr-FR"},{"@type":"Organization","@id":"https:\/\/www.metrolab.com\/#organization","name":"Metrolab Technology SA","url":"https:\/\/www.metrolab.com\/","logo":{"@type":"ImageObject","inLanguage":"fr-FR","@id":"https:\/\/www.metrolab.com\/#\/schema\/logo\/image\/","url":"https:\/\/www.metrolab.com\/wp-content\/uploads\/2023\/07\/metrolab-logo-web.png","contentUrl":"https:\/\/www.metrolab.com\/wp-content\/uploads\/2023\/07\/metrolab-logo-web.png","width":350,"height":55,"caption":"Metrolab Technology SA"},"image":{"@id":"https:\/\/www.metrolab.com\/#\/schema\/logo\/image\/"},"sameAs":["https:\/\/www.facebook.com\/metrolabtech","https:\/\/www.linkedin.com\/company\/metrolab-technology\/","https:\/\/www.youtube.com\/channel\/UCxOV77HrPs6xb1weLsByedA"]}]}},"_links":{"self":[{"href":"https:\/\/www.metrolab.com\/fr\/wp-json\/wp\/v2\/pages\/19718","targetHints":{"allow":["GET"]}}],"collection":[{"href":"https:\/\/www.metrolab.com\/fr\/wp-json\/wp\/v2\/pages"}],"about":[{"href":"https:\/\/www.metrolab.com\/fr\/wp-json\/wp\/v2\/types\/page"}],"author":[{"embeddable":true,"href":"https:\/\/www.metrolab.com\/fr\/wp-json\/wp\/v2\/users\/1"}],"replies":[{"embeddable":true,"href":"https:\/\/www.metrolab.com\/fr\/wp-json\/wp\/v2\/comments?post=19718"}],"version-history":[{"count":6,"href":"https:\/\/www.metrolab.com\/fr\/wp-json\/wp\/v2\/pages\/19718\/revisions"}],"predecessor-version":[{"id":19727,"href":"https:\/\/www.metrolab.com\/fr\/wp-json\/wp\/v2\/pages\/19718\/revisions\/19727"}],"wp:attachment":[{"href":"https:\/\/www.metrolab.com\/fr\/wp-json\/wp\/v2\/media?parent=19718"}],"curies":[{"name":"wp","href":"https:\/\/api.w.org\/{rel}","templated":true}]}}