{"id":17250,"date":"2023-11-17T14:13:01","date_gmt":"2023-11-17T13:13:01","guid":{"rendered":"https:\/\/www.metrolab.com\/?page_id=17250"},"modified":"2024-03-25T10:56:26","modified_gmt":"2024-03-25T09:56:26","slug":"fluxmetre","status":"publish","type":"page","link":"https:\/\/www.metrolab.com\/fr\/technologies\/fluxmetre\/","title":{"rendered":"Fluxm\u00e8tre"},"content":{"rendered":"<div class=\"wpb-content-wrapper\">[vc_row thb_full_width=&#8221;true&#8221; thb_row_padding=&#8221;true&#8221; thb_column_padding=&#8221;true&#8221; css=&#8221;.vc_custom_1694360342230{margin-bottom: 10vh !important;padding-top: 12vh !important;padding-bottom: 12vh !important;background-color: #223a86 !important;background-position: center !important;background-repeat: no-repeat !important;background-size: cover !important;}&#8221; bg_gradient1=&#8221;rgba(34,58,134,0.4)&#8221; bg_gradient2=&#8221;rgba(34,58,134,0.6)&#8221;][vc_column][vc_row_inner][vc_column_inner thb_color=&#8221;thb-light-column&#8221; width=&#8221;5\/12&#8243;]\t<div id=\"thb-slidetype-69d17658b1683\" class=\"thb-slidetype \" data-style=\"style2\">\n\t\t\n<h1><span class=\"thb-slidetype-entry\"><span class=\"lines\">Fluxm\u00e8tre<\/span><\/span><\/h1>\n\t\t\t<\/div>\n\n\t[vc_empty_space height=&#8221;12px&#8221;][\/vc_column_inner][vc_column_inner width=&#8221;7\/12&#8243;][\/vc_column_inner][\/vc_row_inner][\/vc_column][\/vc_row][vc_row css=&#8221;.vc_custom_1531485647105{margin-bottom: 10vh !important;}&#8221;][vc_column fixed=&#8221;thb-fixed&#8221; width=&#8221;1\/3&#8243; css=&#8221;.vc_custom_1531485361835{padding-right: 20px !important;}&#8221;]\t<div class=\"thb-page-menu-container\">\n\t\t<ul id=\"menu-technologies\" class=\"thb-page-menu style1\"><li id=\"menu-item-17476\" class=\"menu-item menu-item-type-post_type menu-item-object-page menu-item-17476\"><a href=\"https:\/\/www.metrolab.com\/fr\/technologies\/\">Technologies<\/a><\/li>\n<li id=\"menu-item-17477\" class=\"menu-item menu-item-type-post_type menu-item-object-page menu-item-17477\"><a href=\"https:\/\/www.metrolab.com\/fr\/technologies\/resonance-magnetique-nucleaire\/\">R\u00e9sonance Magn\u00e9tique Nucl\u00e9aire<\/a><\/li>\n<li id=\"menu-item-17484\" class=\"menu-item menu-item-type-post_type menu-item-object-page menu-item-17484\"><a href=\"https:\/\/www.metrolab.com\/fr\/technologies\/effet-hall-3-axes\/\">Effet Hall \u00e0 3 axes<\/a><\/li>\n<li id=\"menu-item-17489\" class=\"menu-item menu-item-type-post_type menu-item-object-page menu-item-17489\"><a href=\"https:\/\/www.metrolab.com\/fr\/technologies\/fluxgate-3-axes\/\">Fluxgate \u00e0 3 axes<\/a><\/li>\n<li id=\"menu-item-17493\" class=\"menu-item menu-item-type-post_type menu-item-object-page menu-item-17493\"><a href=\"https:\/\/www.metrolab.com\/fr\/technologies\/fluxmetre\/\">Fluxm\u00e8tre<\/a><\/li>\n<\/ul>\t<\/div>\n\t[\/vc_column][vc_column width=&#8221;2\/3&#8243;][vc_row_inner][vc_column_inner width=&#8221;1\/2&#8243;][vc_column_text]<strong>Avantages<\/strong><\/p>\n<p>+ Extr\u00eamement flexible<\/p>\n<p>+ Peut \u00eatre tr\u00e8s pr\u00e9cis<\/p>\n<p>+ Cartographies d\u00e9taill\u00e9es<\/p>\n<p>+ Grande sensibilit\u00e9, m\u00eame pour de faibles champs<\/p>\n<p>+ M\u00e9thode robuste et \u00e9prouv\u00e9e[\/vc_column_text][\/vc_column_inner][vc_column_inner width=&#8221;1\/2&#8243;][vc_column_text]<strong>Contraintes<\/strong><\/p>\n<p>\u2013 Mise au point et calibrage d&#8217;un syst\u00e8me de bobines adapt\u00e9<\/p>\n<p>\u2013 Requiert une compr\u00e9hension de la th\u00e9orie \u00e9lectromagn\u00e9tique<\/p>\n<p>\u2013 Mise en application complexe[\/vc_column_text][\/vc_column_inner][\/vc_row_inner][vc_empty_space][\/vc_column][\/vc_row][vc_row thb_full_width=&#8221;true&#8221; thb_row_padding=&#8221;true&#8221; thb_column_padding=&#8221;true&#8221; css=&#8221;.vc_custom_1706872359321{padding-top: 15vh !important;}&#8221;][vc_column][vc_row_inner][vc_column_inner width=&#8221;1\/2&#8243;][vc_column_text]Outre la RMN, Metrolab est historiquement connue pour ses int\u00e9grateurs, principalement dans le monde des acc\u00e9l\u00e9rateurs.<\/p>\n<p>Les nombreuses applications et astuces de cette puissante technologie requi\u00e8rent bien plus qu\u2019une simple page web, mais nous souhaitons au moins fournir un aper\u00e7u de certaines bases.[\/vc_column_text][\/vc_column_inner][vc_column_inner width=&#8221;1\/2&#8243;][vc_video link=&#8221;https:\/\/youtu.be\/3o3GxO57vYs&#8221;][\/vc_column_inner][\/vc_row_inner][vc_empty_space height=&#8221;20px&#8221;][vc_row_inner][vc_column_inner width=&#8221;1\/2&#8243;][vc_column_text]\n<h4>Une tension induite par le d\u00e9placement dans un champ magn\u00e9tique<\/h4>\n<p>Le d\u00e9placement d\u2019une bobine dans un champ magn\u00e9tique induit une tension proportionnelle au changement de flux observ\u00e9 par la bobine.<\/p>\n<p>De mani\u00e8re similaire, un champ variant induit une tension sur une bobine stationnaire. Ces principes ont \u00e9t\u00e9 compris et exploit\u00e9s depuis le XIXe si\u00e8cle pour mesurer pr\u00e9cis\u00e9ment, par exemple, le champ magn\u00e9tique terrestre.<\/p>\n<p>Les fluxm\u00e8tres continuent \u00e9galement de jouer un r\u00f4le important dans la mesure de l\u2019hyst\u00e9r\u00e9sis des mat\u00e9riaux magn\u00e9tiques et dans la conception magn\u00e9tique, par exemple pour d\u00e9terminer les pertes dans un circuit magn\u00e9tique.[\/vc_column_text][\/vc_column_inner][vc_column_inner width=&#8221;1\/2&#8243;][vc_column_text]\n<h4>Une application : une bobine mais un int\u00e9grateur pour toutes les bobines<\/h4>\n<p>Bien que les bobines se d\u00e9clinent sous toutes les formes et tailles, quelques configurations standard couvrent de nombreuses applications :<\/p>\n<p>Les bobines mobiles sont d\u00e9plac\u00e9es du lieu de mesure vers un autre endroit, g\u00e9n\u00e9ralement une zone de champ nul. L\u2019int\u00e9grale de tension est proportionnelle au changement total de flux, quel que soit le chemin exact suivi par la bobine. Les fils mobiles servent \u00e0 cartographier les aimants \u00e0 espace tr\u00e8s \u00e9troit, en mesurant les changements de tension dans un fil balay\u00e9 \u00e0 travers l\u2019espace.<\/p>\n<p>Les bobines basculantes tournent sur place pour mesurer le champ \u00e0 un endroit particulier. Comme la bobine revient exactement \u00e0 son point de d\u00e9part, le changement de flux est connu pour \u00eatre nul, permettant une correction de d\u00e9rive tr\u00e8s pr\u00e9cise.<\/p>\n<p>Les bobines statiques sont utilis\u00e9es pour mesurer les champs variables. L\u2019\u00e9chantillonnage p\u00e9riodique de l\u2019int\u00e9grale de tension fournit la forme exacte de la rampe de champ.<\/p>\n<p>Les bobines rotatives et les fils mobiles sont utilis\u00e9s pour la cartographie des champs.[\/vc_column_text][\/vc_column_inner][\/vc_row_inner][vc_empty_space height=&#8221;20px&#8221;][\/vc_column][\/vc_row][vc_row thb_full_width=&#8221;true&#8221; thb_row_padding=&#8221;true&#8221; thb_column_padding=&#8221;true&#8221; css=&#8221;.vc_custom_1706872369822{padding-top: 15vh !important;}&#8221;][vc_column][vc_row_inner][vc_column_inner]\t<div id=\"thb-slidetype-69d17658b2e6f\" class=\"thb-slidetype \" data-style=\"style1\">\n\t\t\n<h2><span class=\"thb-slidetype-entry\"><span class=\"lines\">D\u00e9couvrez les produits en relation.<\/span><\/span><\/h2>\n\t\t\t\t<style>\n\t\t\t#thb-slidetype-69d17658b2e6f .thb-slidetype-entry {\n\t\t\t\tcolor: #223a86;\n\t\t\t}\n\t\t<\/style>\n\t\t\t<\/div>\n\n\t[\/vc_column_inner][\/vc_row_inner][vc_row_inner][vc_column_inner width=&#8221;1\/4&#8243;]\t<div id=\"thb-fancy-box-69d17658b2eaf\" class=\"thb-fancy-box  fancy-light fancy-style1  thb-top-left    has-link\">\n\t\t\t\t<a href=\"https:\/\/www.metrolab.com\/fr\/produits\/fdi2056-integrateur-numerique-rapide\/\" class=\"thb-fancy-link\n\t\t\t\t\t\t\t\" target=\"_self\">\n\t\t\t\t\t\t\t<div class=\"thb-animated-arrow circular arrow-right\"><svg xmlns=\"http:\/\/www.w3.org\/2000\/svg\" xmlns:xlink=\"http:\/\/www.w3.org\/1999\/xlink\" x=\"0px\" y=\"0px\"\r\n\t width=\"30px\" height=\"18px\" viewBox=\"0 0 30 18\" enable-background=\"new 0 0 30 18\" xml:space=\"preserve\">\r\n<path class=\"handle\" d=\"M2.511,9.007l7.185-7.221c0.407-0.409,0.407-1.071,0-1.48s-1.068-0.409-1.476,0L0.306,8.259\r\n\tc-0.408,0.41-0.408,1.072,0,1.481l7.914,7.952c0.407,0.408,1.068,0.408,1.476,0s0.407-1.07,0-1.479L2.511,9.007z\"\/>\r\n<path class=\"bar\" fill-rule=\"evenodd\" clip-rule=\"evenodd\" d=\"M30,9c0,0.553-0.447,1-1,1H1c-0.551,0-1-0.447-1-1c0-0.552,0.449-1,1-1h28.002\r\n\tC29.554,8,30,8.448,30,9z\"\/>\r\n<\/svg>\r\n<\/div>\n\t\t\t\t\t<\/a>\n\t\t\t\t<div class=\"thb-fancy-image-container\n\t\t\">\n\t\t\t<div class=\"thb-fancy-image\">\n\t\t\t\t<img loading=\"lazy\" decoding=\"async\" width=\"500\" height=\"500\" src=\"https:\/\/www.metrolab.com\/wp-content\/uploads\/2024\/01\/metrolab-product-fdi2056.png\" class=\"attachment-revolution-tall-x3 size-revolution-tall-x3\" alt=\"\" srcset=\"https:\/\/www.metrolab.com\/wp-content\/uploads\/2024\/01\/metrolab-product-fdi2056.png 500w, https:\/\/www.metrolab.com\/wp-content\/uploads\/2024\/01\/metrolab-product-fdi2056-300x300.png 300w, https:\/\/www.metrolab.com\/wp-content\/uploads\/2024\/01\/metrolab-product-fdi2056-150x150.png 150w, https:\/\/www.metrolab.com\/wp-content\/uploads\/2024\/01\/metrolab-product-fdi2056-200x200.png 200w, https:\/\/www.metrolab.com\/wp-content\/uploads\/2024\/01\/metrolab-product-fdi2056-100x100.png 100w, https:\/\/www.metrolab.com\/wp-content\/uploads\/2024\/01\/metrolab-product-fdi2056-380x380.png 380w, https:\/\/www.metrolab.com\/wp-content\/uploads\/2024\/01\/metrolab-product-fdi2056-20x20.png 20w, https:\/\/www.metrolab.com\/wp-content\/uploads\/2024\/01\/metrolab-product-fdi2056-190x190.png 190w\" sizes=\"auto, (max-width: 500px) 100vw, 500px\" \/>\t\t\t<\/div>\n\t\t<\/div>\n\t\t\t\t<div class=\"thb-fancy-hover\"><\/div>\n\t\t\t\t<div class=\"thb-fancy-content\n\t\t\">\n\t\t\t\t\t\t<div class=\"thb-fancy-text-content\">\n\t\t\t\t\n<h4>Int\u00e9grateur num\u00e9rique rapide FDI2056<\/h4>\n<p>Fluxm\u00e8tre<\/p>\t\t\t<\/div>\n\t\t<\/div>\n\t\t<style>\n\t\t\t#thb-fancy-box-69d17658b2eaf,\n\t\t\t#thb-fancy-box-69d17658b2eaf.fancy-style5 .thb-fancy-image-container,\n\t\t\t#thb-fancy-box-69d17658b2eaf .atvImg-container,\n\t\t\t#thb-fancy-box-69d17658b2eaf .atvImg-layers {\n\t\t\t\tmin-height: 300px;\n\t\t\t}\n\t\t\t\t\t\t\t\t\t\t\t\t\t\t\t#thb-fancy-box-69d17658b2eaf .thb-fancy-hover {\n\t\t\t\t\t\tbackground:#223a86;background:linear-gradient( -135deg,#223a86,#223a86 );\t\t\t\t\t}\n\t\t\t\t\t\t\t\t\t\t\t\t\t\t\t<\/style>\n\t<\/div>\n\n\t[vc_empty_space height=&#8221;30px&#8221;][\/vc_column_inner][vc_column_inner width=&#8221;1\/4&#8243;][vc_empty_space height=&#8221;30px&#8221;][\/vc_column_inner][vc_column_inner width=&#8221;1\/4&#8243;][vc_empty_space height=&#8221;30px&#8221;][\/vc_column_inner][vc_column_inner width=&#8221;1\/4&#8243;][vc_empty_space height=&#8221;30px&#8221;][\/vc_column_inner][\/vc_row_inner][\/vc_column][\/vc_row][vc_row thb_full_width=&#8221;true&#8221; thb_row_padding=&#8221;true&#8221; thb_column_padding=&#8221;true&#8221; css=&#8221;.vc_custom_1699260890223{padding-top: 15vh !important;padding-bottom: 15vh !important;}&#8221;][vc_column][vc_row_inner][vc_column_inner]\t<div id=\"thb-slidetype-69d17658b325e\" class=\"thb-slidetype \" data-style=\"style1\">\n\t\t\n<h2><span class=\"thb-slidetype-entry\"><span class=\"lines\">D\u00e9couvrez les applications en relation.<\/span><\/span><\/h2>\n\t\t\t\t<style>\n\t\t\t#thb-slidetype-69d17658b325e .thb-slidetype-entry {\n\t\t\t\tcolor: #223a86;\n\t\t\t}\n\t\t<\/style>\n\t\t\t<\/div>\n\n\t[\/vc_column_inner][\/vc_row_inner][vc_row_inner css=&#8221;.vc_custom_1707135725244{padding-bottom: 15vh !important;}&#8221;][vc_column_inner width=&#8221;1\/4&#8243; animation=&#8221;animation bottom-to-top&#8221;]\t<div id=\"thb-image-69d17658b328d\" class=\"caption-style1  aligncenter full  thb_image_link wp-caption \">\n\t\t\t<a class=\"\" href=\"https:\/\/www.metrolab.com\/fr\/applications\/science\/\" target=\"_self\" title=\"\" data-thb-group=\"\">\n\t\t\t<div class=\"thb-image-inner size_100\">\n\t\t\t<img loading=\"lazy\" decoding=\"async\" width=\"504\" height=\"465\" src=\"https:\/\/www.metrolab.com\/wp-content\/uploads\/2023\/09\/metrolab-application-1.jpg\" class=\"thb_image    attachment-full\" alt=\"\" title=\"\" srcset=\"https:\/\/www.metrolab.com\/wp-content\/uploads\/2023\/09\/metrolab-application-1.jpg 504w, https:\/\/www.metrolab.com\/wp-content\/uploads\/2023\/09\/metrolab-application-1-300x277.jpg 300w, https:\/\/www.metrolab.com\/wp-content\/uploads\/2023\/09\/metrolab-application-1-380x351.jpg 380w, https:\/\/www.metrolab.com\/wp-content\/uploads\/2023\/09\/metrolab-application-1-20x18.jpg 20w, https:\/\/www.metrolab.com\/wp-content\/uploads\/2023\/09\/metrolab-application-1-190x175.jpg 190w\" sizes=\"auto, (max-width: 504px) 100vw, 504px\" \/>\t\t\t\t\t<\/div>\n\t\t\t<\/a>\n\t\t\t\t\t<\/div>\n\t[vc_column_text]\n<h3><span style=\"color: #213364;\">Physique des<br \/>\nhautes \u00e9nergies<\/span><\/h3>\n[\/vc_column_text]\t<a id=\"thb-button-69d17658b35af\" class=\"btn style1 medium  accent no-radius    arrow-enabled\" href=\"https:\/\/www.metrolab.com\/fr\/applications\/science\/\" target=\"_self\" role=\"button\">\n\t\t<span>En savoir plus<\/span>\n\t<svg xmlns=\"http:\/\/www.w3.org\/2000\/svg\" xmlns:xlink=\"http:\/\/www.w3.org\/1999\/xlink\" x=\"0px\" y=\"0px\"\r\n\t width=\"30px\" height=\"18px\" viewBox=\"0 0 30 18\" enable-background=\"new 0 0 30 18\" xml:space=\"preserve\">\r\n<path class=\"handle\" d=\"M20.305,16.212c-0.407,0.409-0.407,1.071,0,1.479s1.068,0.408,1.476,0l7.914-7.952c0.408-0.409,0.408-1.071,0-1.481\r\n\tl-7.914-7.952c-0.407-0.409-1.068-0.409-1.476,0s-0.407,1.071,0,1.48l7.185,7.221L20.305,16.212z\"\/>\r\n<path class=\"bar\" fill-rule=\"evenodd\" clip-rule=\"evenodd\" d=\"M1,8h28.001c0.551,0,1,0.448,1,1c0,0.553-0.449,1-1,1H1c-0.553,0-1-0.447-1-1\r\n\tC0,8.448,0.447,8,1,8z\"\/>\r\n<\/svg>\r\n\t\t<\/a>\n\t\t[\/vc_column_inner][vc_column_inner width=&#8221;1\/4&#8243; animation=&#8221;animation bottom-to-top&#8221;][\/vc_column_inner][vc_column_inner width=&#8221;1\/4&#8243; animation=&#8221;animation bottom-to-top&#8221;][\/vc_column_inner][vc_column_inner width=&#8221;1\/4&#8243;][\/vc_column_inner][\/vc_row_inner][\/vc_column][\/vc_row]\n<\/div>","protected":false},"excerpt":{"rendered":"<p>[vc_row thb_full_width=&#8221;true&#8221; thb_row_padding=&#8221;true&#8221; thb_column_padding=&#8221;true&#8221; css=&#8221;.vc_custom_1694360342230{margin-bottom: 10vh !important;padding-top: 12vh !important;padding-bottom: 12vh !important;background-color: #223a86 !important;background-position: center !important;background-repeat: no-repeat !important;background-size: cover !important;}&#8221; bg_gradient1=&#8221;rgba(34,58,134,0.4)&#8221; bg_gradient2=&#8221;rgba(34,58,134,0.6)&#8221;][vc_column][vc_row_inner][vc_column_inner thb_color=&#8221;thb-light-column&#8221; width=&#8221;5\/12&#8243;][vc_empty_space height=&#8221;12px&#8221;][\/vc_column_inner][vc_column_inner width=&#8221;7\/12&#8243;][\/vc_column_inner][\/vc_row_inner][\/vc_column][\/vc_row][vc_row css=&#8221;.vc_custom_1531485647105{margin-bottom: 10vh !important;}&#8221;][vc_column fixed=&#8221;thb-fixed&#8221; width=&#8221;1\/3&#8243; css=&#8221;.vc_custom_1531485361835{padding-right: 20px !important;}&#8221;][\/vc_column][vc_column width=&#8221;2\/3&#8243;][vc_row_inner][vc_column_inner width=&#8221;1\/2&#8243;][vc_column_text]Avantages + Extr\u00eamement flexible + Peut \u00eatre tr\u00e8s pr\u00e9cis + Cartographies d\u00e9taill\u00e9es + Grande sensibilit\u00e9, m\u00eame pour de faibles champs +&hellip;<\/p>\n","protected":false},"author":1,"featured_media":0,"parent":17216,"menu_order":0,"comment_status":"closed","ping_status":"closed","template":"","meta":{"_acf_changed":false,"content-type":"","inline_featured_image":false,"_monsterinsights_skip_tracking":false,"_monsterinsights_sitenote_active":false,"_monsterinsights_sitenote_note":"","_monsterinsights_sitenote_category":0,"footnotes":""},"class_list":["post-17250","page","type-page","status-publish","hentry"],"acf":[],"yoast_head":"<!-- This site is optimized with the Yoast SEO plugin v22.7 - https:\/\/yoast.com\/wordpress\/plugins\/seo\/ -->\n<title>Fluxm\u00e8tre - MetroLab<\/title>\n<meta name=\"robots\" content=\"index, follow, max-snippet:-1, max-image-preview:large, max-video-preview:-1\" \/>\n<link rel=\"canonical\" href=\"https:\/\/www.metrolab.com\/fr\/technologies\/fluxmetre\/\" \/>\n<meta property=\"og:locale\" content=\"fr_FR\" \/>\n<meta property=\"og:type\" content=\"article\" \/>\n<meta property=\"og:title\" content=\"Fluxm\u00e8tre - MetroLab\" \/>\n<meta property=\"og:description\" content=\"[vc_row thb_full_width=&#8221;true&#8221; thb_row_padding=&#8221;true&#8221; thb_column_padding=&#8221;true&#8221; css=&#8221;.vc_custom_1694360342230{margin-bottom: 10vh !important;padding-top: 12vh !important;padding-bottom: 12vh !important;background-color: #223a86 !important;background-position: center !important;background-repeat: no-repeat !important;background-size: cover !important;}&#8221; bg_gradient1=&#8221;rgba(34,58,134,0.4)&#8221; bg_gradient2=&#8221;rgba(34,58,134,0.6)&#8221;][vc_column][vc_row_inner][vc_column_inner thb_color=&#8221;thb-light-column&#8221; width=&#8221;5\/12&#8243;][vc_empty_space height=&#8221;12px&#8221;][\/vc_column_inner][vc_column_inner width=&#8221;7\/12&#8243;][\/vc_column_inner][\/vc_row_inner][\/vc_column][\/vc_row][vc_row css=&#8221;.vc_custom_1531485647105{margin-bottom: 10vh !important;}&#8221;][vc_column fixed=&#8221;thb-fixed&#8221; width=&#8221;1\/3&#8243; css=&#8221;.vc_custom_1531485361835{padding-right: 20px !important;}&#8221;][\/vc_column][vc_column width=&#8221;2\/3&#8243;][vc_row_inner][vc_column_inner width=&#8221;1\/2&#8243;][vc_column_text]Avantages + Extr\u00eamement flexible + Peut \u00eatre tr\u00e8s pr\u00e9cis + Cartographies d\u00e9taill\u00e9es + Grande sensibilit\u00e9, m\u00eame pour de faibles champs +&hellip;\" \/>\n<meta property=\"og:url\" content=\"https:\/\/www.metrolab.com\/fr\/technologies\/fluxmetre\/\" \/>\n<meta property=\"og:site_name\" content=\"MetroLab\" \/>\n<meta property=\"article:publisher\" content=\"https:\/\/www.facebook.com\/metrolabtech\" \/>\n<meta property=\"article:modified_time\" content=\"2024-03-25T09:56:26+00:00\" \/>\n<meta name=\"twitter:card\" content=\"summary_large_image\" \/>\n<meta name=\"twitter:label1\" content=\"Dur\u00e9e de lecture estim\u00e9e\" \/>\n\t<meta name=\"twitter:data1\" content=\"5 minutes\" \/>\n<script type=\"application\/ld+json\" class=\"yoast-schema-graph\">{\"@context\":\"https:\/\/schema.org\",\"@graph\":[{\"@type\":\"WebPage\",\"@id\":\"https:\/\/www.metrolab.com\/fr\/technologies\/fluxmetre\/\",\"url\":\"https:\/\/www.metrolab.com\/fr\/technologies\/fluxmetre\/\",\"name\":\"Fluxm\u00e8tre - MetroLab\",\"isPartOf\":{\"@id\":\"https:\/\/www.metrolab.com\/#website\"},\"datePublished\":\"2023-11-17T13:13:01+00:00\",\"dateModified\":\"2024-03-25T09:56:26+00:00\",\"breadcrumb\":{\"@id\":\"https:\/\/www.metrolab.com\/fr\/technologies\/fluxmetre\/#breadcrumb\"},\"inLanguage\":\"fr-FR\",\"potentialAction\":[{\"@type\":\"ReadAction\",\"target\":[\"https:\/\/www.metrolab.com\/fr\/technologies\/fluxmetre\/\"]}]},{\"@type\":\"BreadcrumbList\",\"@id\":\"https:\/\/www.metrolab.com\/fr\/technologies\/fluxmetre\/#breadcrumb\",\"itemListElement\":[{\"@type\":\"ListItem\",\"position\":1,\"name\":\"Home\",\"item\":\"https:\/\/www.metrolab.com\/fr\/\"},{\"@type\":\"ListItem\",\"position\":2,\"name\":\"Technologies\",\"item\":\"https:\/\/www.metrolab.com\/fr\/technologies\/\"},{\"@type\":\"ListItem\",\"position\":3,\"name\":\"Fluxm\u00e8tre\"}]},{\"@type\":\"WebSite\",\"@id\":\"https:\/\/www.metrolab.com\/#website\",\"url\":\"https:\/\/www.metrolab.com\/\",\"name\":\"Metrolab\",\"description\":\"Magnet Precision has a name\",\"publisher\":{\"@id\":\"https:\/\/www.metrolab.com\/#organization\"},\"potentialAction\":[{\"@type\":\"SearchAction\",\"target\":{\"@type\":\"EntryPoint\",\"urlTemplate\":\"https:\/\/www.metrolab.com\/?s={search_term_string}\"},\"query-input\":\"required name=search_term_string\"}],\"inLanguage\":\"fr-FR\"},{\"@type\":\"Organization\",\"@id\":\"https:\/\/www.metrolab.com\/#organization\",\"name\":\"Metrolab Technology SA\",\"url\":\"https:\/\/www.metrolab.com\/\",\"logo\":{\"@type\":\"ImageObject\",\"inLanguage\":\"fr-FR\",\"@id\":\"https:\/\/www.metrolab.com\/#\/schema\/logo\/image\/\",\"url\":\"https:\/\/www.metrolab.com\/wp-content\/uploads\/2023\/07\/metrolab-logo-web.png\",\"contentUrl\":\"https:\/\/www.metrolab.com\/wp-content\/uploads\/2023\/07\/metrolab-logo-web.png\",\"width\":350,\"height\":55,\"caption\":\"Metrolab Technology SA\"},\"image\":{\"@id\":\"https:\/\/www.metrolab.com\/#\/schema\/logo\/image\/\"},\"sameAs\":[\"https:\/\/www.facebook.com\/metrolabtech\",\"https:\/\/www.linkedin.com\/company\/metrolab-technology\/\",\"https:\/\/www.youtube.com\/channel\/UCxOV77HrPs6xb1weLsByedA\"]}]}<\/script>\n<!-- \/ Yoast SEO plugin. -->","yoast_head_json":{"title":"Fluxm\u00e8tre - MetroLab","robots":{"index":"index","follow":"follow","max-snippet":"max-snippet:-1","max-image-preview":"max-image-preview:large","max-video-preview":"max-video-preview:-1"},"canonical":"https:\/\/www.metrolab.com\/fr\/technologies\/fluxmetre\/","og_locale":"fr_FR","og_type":"article","og_title":"Fluxm\u00e8tre - MetroLab","og_description":"[vc_row thb_full_width=&#8221;true&#8221; thb_row_padding=&#8221;true&#8221; thb_column_padding=&#8221;true&#8221; css=&#8221;.vc_custom_1694360342230{margin-bottom: 10vh !important;padding-top: 12vh !important;padding-bottom: 12vh !important;background-color: #223a86 !important;background-position: center !important;background-repeat: no-repeat !important;background-size: cover !important;}&#8221; bg_gradient1=&#8221;rgba(34,58,134,0.4)&#8221; bg_gradient2=&#8221;rgba(34,58,134,0.6)&#8221;][vc_column][vc_row_inner][vc_column_inner thb_color=&#8221;thb-light-column&#8221; width=&#8221;5\/12&#8243;][vc_empty_space height=&#8221;12px&#8221;][\/vc_column_inner][vc_column_inner width=&#8221;7\/12&#8243;][\/vc_column_inner][\/vc_row_inner][\/vc_column][\/vc_row][vc_row css=&#8221;.vc_custom_1531485647105{margin-bottom: 10vh !important;}&#8221;][vc_column fixed=&#8221;thb-fixed&#8221; width=&#8221;1\/3&#8243; css=&#8221;.vc_custom_1531485361835{padding-right: 20px !important;}&#8221;][\/vc_column][vc_column width=&#8221;2\/3&#8243;][vc_row_inner][vc_column_inner width=&#8221;1\/2&#8243;][vc_column_text]Avantages + Extr\u00eamement flexible + Peut \u00eatre tr\u00e8s pr\u00e9cis + Cartographies d\u00e9taill\u00e9es + Grande sensibilit\u00e9, m\u00eame pour de faibles champs +&hellip;","og_url":"https:\/\/www.metrolab.com\/fr\/technologies\/fluxmetre\/","og_site_name":"MetroLab","article_publisher":"https:\/\/www.facebook.com\/metrolabtech","article_modified_time":"2024-03-25T09:56:26+00:00","twitter_card":"summary_large_image","twitter_misc":{"Dur\u00e9e de lecture estim\u00e9e":"5 minutes"},"schema":{"@context":"https:\/\/schema.org","@graph":[{"@type":"WebPage","@id":"https:\/\/www.metrolab.com\/fr\/technologies\/fluxmetre\/","url":"https:\/\/www.metrolab.com\/fr\/technologies\/fluxmetre\/","name":"Fluxm\u00e8tre - MetroLab","isPartOf":{"@id":"https:\/\/www.metrolab.com\/#website"},"datePublished":"2023-11-17T13:13:01+00:00","dateModified":"2024-03-25T09:56:26+00:00","breadcrumb":{"@id":"https:\/\/www.metrolab.com\/fr\/technologies\/fluxmetre\/#breadcrumb"},"inLanguage":"fr-FR","potentialAction":[{"@type":"ReadAction","target":["https:\/\/www.metrolab.com\/fr\/technologies\/fluxmetre\/"]}]},{"@type":"BreadcrumbList","@id":"https:\/\/www.metrolab.com\/fr\/technologies\/fluxmetre\/#breadcrumb","itemListElement":[{"@type":"ListItem","position":1,"name":"Home","item":"https:\/\/www.metrolab.com\/fr\/"},{"@type":"ListItem","position":2,"name":"Technologies","item":"https:\/\/www.metrolab.com\/fr\/technologies\/"},{"@type":"ListItem","position":3,"name":"Fluxm\u00e8tre"}]},{"@type":"WebSite","@id":"https:\/\/www.metrolab.com\/#website","url":"https:\/\/www.metrolab.com\/","name":"Metrolab","description":"Magnet Precision has a name","publisher":{"@id":"https:\/\/www.metrolab.com\/#organization"},"potentialAction":[{"@type":"SearchAction","target":{"@type":"EntryPoint","urlTemplate":"https:\/\/www.metrolab.com\/?s={search_term_string}"},"query-input":"required name=search_term_string"}],"inLanguage":"fr-FR"},{"@type":"Organization","@id":"https:\/\/www.metrolab.com\/#organization","name":"Metrolab Technology SA","url":"https:\/\/www.metrolab.com\/","logo":{"@type":"ImageObject","inLanguage":"fr-FR","@id":"https:\/\/www.metrolab.com\/#\/schema\/logo\/image\/","url":"https:\/\/www.metrolab.com\/wp-content\/uploads\/2023\/07\/metrolab-logo-web.png","contentUrl":"https:\/\/www.metrolab.com\/wp-content\/uploads\/2023\/07\/metrolab-logo-web.png","width":350,"height":55,"caption":"Metrolab Technology SA"},"image":{"@id":"https:\/\/www.metrolab.com\/#\/schema\/logo\/image\/"},"sameAs":["https:\/\/www.facebook.com\/metrolabtech","https:\/\/www.linkedin.com\/company\/metrolab-technology\/","https:\/\/www.youtube.com\/channel\/UCxOV77HrPs6xb1weLsByedA"]}]}},"_links":{"self":[{"href":"https:\/\/www.metrolab.com\/fr\/wp-json\/wp\/v2\/pages\/17250","targetHints":{"allow":["GET"]}}],"collection":[{"href":"https:\/\/www.metrolab.com\/fr\/wp-json\/wp\/v2\/pages"}],"about":[{"href":"https:\/\/www.metrolab.com\/fr\/wp-json\/wp\/v2\/types\/page"}],"author":[{"embeddable":true,"href":"https:\/\/www.metrolab.com\/fr\/wp-json\/wp\/v2\/users\/1"}],"replies":[{"embeddable":true,"href":"https:\/\/www.metrolab.com\/fr\/wp-json\/wp\/v2\/comments?post=17250"}],"version-history":[{"count":13,"href":"https:\/\/www.metrolab.com\/fr\/wp-json\/wp\/v2\/pages\/17250\/revisions"}],"predecessor-version":[{"id":19705,"href":"https:\/\/www.metrolab.com\/fr\/wp-json\/wp\/v2\/pages\/17250\/revisions\/19705"}],"up":[{"embeddable":true,"href":"https:\/\/www.metrolab.com\/fr\/wp-json\/wp\/v2\/pages\/17216"}],"wp:attachment":[{"href":"https:\/\/www.metrolab.com\/fr\/wp-json\/wp\/v2\/media?parent=17250"}],"curies":[{"name":"wp","href":"https:\/\/api.w.org\/{rel}","templated":true}]}}