{"id":16971,"date":"2023-10-09T18:13:44","date_gmt":"2023-10-09T16:13:44","guid":{"rendered":"https:\/\/www.metrolab.com\/?page_id=16971"},"modified":"2025-11-13T07:04:09","modified_gmt":"2025-11-13T06:04:09","slug":"ressources","status":"publish","type":"page","link":"https:\/\/www.metrolab.com\/fr\/ressources\/","title":{"rendered":"Ressources"},"content":{"rendered":"<div class=\"wpb-content-wrapper\">[vc_row thb_full_width=&#8221;true&#8221; thb_row_padding=&#8221;true&#8221; thb_column_padding=&#8221;true&#8221; content_placement=&#8221;middle&#8221; thb_scroll_bottom=&#8221;true&#8221; thb_scroll_bottom_style=&#8221;style3&#8243; thb_scroll_bottom_color=&#8221;light&#8221; css=&#8221;.vc_custom_1700227504040{padding-top: 30vh !important;padding-bottom: 25vh !important;background-image: url(https:\/\/www.metrolab.com\/wp-content\/uploads\/2023\/10\/R13_4417-scaled.jpg?id=17064) !important;background-position: center !important;background-repeat: no-repeat !important;background-size: cover !important;}&#8221; bg_gradient1=&#8221;rgba(34,58,134,0.41)&#8221; bg_gradient2=&#8221;rgba(34,58,134,0.4)&#8221;][vc_column thb_color=&#8221;thb-light-column&#8221;][vc_row_inner][vc_column_inner offset=&#8221;vc_col-lg-6 vc_col-md-9&#8243;]\t<div id=\"thb-slidetype-69dcfaa09a488\" class=\"thb-slidetype \" data-style=\"style1\">\n\t\t\n<h1><span class=\"thb-slidetype-entry\"><span class=\"lines\">Ressources<\/span><\/span><\/h1>\n\t\t\t<\/div>\n\n\t[vc_empty_space height=&#8221;10px&#8221;][vc_column_text animation=&#8221;animation fade-in&#8221;]Des fiches techniques aux mises \u00e0 jour logicielles, vous trouverez ici les informations et les ressources dont vous avez besoin pour d\u00e9couvrir, acqu\u00e9rir, installer et profiter de l&#8217;utilisation de nos solutions. N&#8217;h\u00e9sitez pas \u00e0 t\u00e9l\u00e9charger ce dont vous avez besoin, et n&#8217;h\u00e9sitez pas \u00e0 nous demander des informations compl\u00e9mentaires.[\/vc_column_text][vc_empty_space height=&#8221;20px&#8221;][\/vc_column_inner][\/vc_row_inner][\/vc_column][\/vc_row][vc_row][vc_column][vc_empty_space height=&#8221;30px&#8221;][vc_tta_tour shape=&#8221;square&#8221; active_section=&#8221;1&#8243;][vc_tta_section title=&#8221;PT2026&#8243; tab_id=&#8221;1696868455759-705966a7-554a&#8221;][vc_column_text css=&#8221;&#8221;]<a href=\"https:\/\/www.metrolab.com\/wp-content\/uploads\/2025\/05\/PT2026SoftwarePackage_Tag_22_11_03-1.zip\" target=\"_blank\" rel=\"noopener\">PT2026 Software &amp; Firmware Package<\/a><\/p>\n<p><a href=\"https:\/\/www.metrolab.com\/wp-content\/uploads\/2025\/09\/PT2026-Users-Manual.pdf\" target=\"_blank\" rel=\"noopener\">PT2026 NMR Precision Teslameter: User\u2019s Manual<\/a><\/p>\n<p><a href=\"https:\/\/www.metrolab.com\/wp-content\/uploads\/2025\/05\/Metrolab-XML-Record-v-1.1-r-2.2.pdf\" target=\"_blank\" rel=\"noopener\">Metrolab XML Record (.mxr) File specifications V1.1 r2.2<\/a><\/p>\n<p><a href=\"https:\/\/www.metrolab.com\/wp-content\/uploads\/2025\/05\/PT2026-Key-specifications-v1.2.pdf\" target=\"_blank\" rel=\"noopener\">PT2026 and model 1326, 1426 and 1526 key specifications<\/a><\/p>\n<p><a href=\"https:\/\/www.metrolab.com\/wp-content\/uploads\/2025\/05\/PT2026.pdf\" target=\"_blank\" rel=\"noopener\">PT2026 Brochure<\/a><\/p>\n<p><a href=\"https:\/\/www.metrolab.com\/wp-content\/uploads\/2025\/05\/Pt2026-PT2025-Performance-comparison-rev-1.0-doc21445.pdf\" target=\"_blank\" rel=\"noopener\">Performance comparison PT2026 vs PT2025<\/a><\/p>\n<p><a href=\"https:\/\/www.metrolab.com\/wp-content\/uploads\/2025\/05\/Values-of-Gyromagnetic-Ratios-04.07.2018.pdf\" target=\"_blank\" rel=\"noopener\">Values of Gyromagnetic Ratios<\/a><\/p>\n<p><a href=\"https:\/\/www.metrolab.com\/wp-content\/uploads\/2025\/05\/PT2026-Installation-and-Safety-Manual-v1.0-r4.0.pdf\" target=\"_blank\" rel=\"noopener\">PT2026 NMR Precision Teslameter: Installation and Safety Manual v1.0 r4.0<\/a><\/p>\n<p><a href=\"https:\/\/www.metrolab.com\/wp-content\/uploads\/2025\/05\/NMR-magnetometry-present-and-future.pdf\" target=\"_blank\" rel=\"noopener\">NMR magnetometry \u2013 present and future<\/a><\/p>\n<p><a href=\"https:\/\/www.metrolab.com\/wp-content\/uploads\/2025\/05\/PT2026_tech_note_Precision_Magnetic_Field_Mapping.pdf\" target=\"_blank\" rel=\"noopener\">Precision Magnetic Field Mapping<\/a><\/p>\n<p><a href=\"https:\/\/www.metrolab.com\/wp-content\/uploads\/2025\/05\/PT2025_tech_note_NMR-Magnetometers-published-in-Magnetics-Technology-International.pdf\" target=\"_blank\" rel=\"noopener\">NMR magnetometers<\/a>[\/vc_column_text][\/vc_tta_section][vc_tta_section title=&#8221;MFC2046&#8243; tab_id=&#8221;1696868455767-49c429f4-32ed&#8221;][vc_column_text css=&#8221;&#8221;]<a href=\"https:\/\/www.metrolab.com\/wp-content\/uploads\/2024\/04\/Metrolab-NMR-Magnetometers-comparisons.pdf\">MFC2046 &amp; PT2026 versus legacy MFC3045 and PT2025<\/a><\/p>\n<p><a href=\"https:\/\/www.metrolab.com\/wp-content\/uploads\/2025\/05\/Metrolab-XML-Record-v-1.1-r-2.2.pdf\" target=\"_blank\" rel=\"noopener\">Metrolab XML Record (.mxr) File specifications V1.1 r2.2<\/a><\/p>\n<p><a href=\"https:\/\/www.metrolab.com\/wp-content\/uploads\/2025\/09\/MFCToolV10-Users-Manual.pdf\" target=\"_blank\" rel=\"noopener\">MFCTool User\u2019s Manual<\/a><\/p>\n<p><a href=\"https:\/\/www.metrolab.com\/wp-content\/uploads\/2024\/03\/MFCTool_v10.3.5_Installer.exe_.zip\" target=\"_blank\" rel=\"noopener\">MFCTool Software &amp; Firmware Package<\/a><\/p>\n<p><a href=\"https:\/\/www.metrolab.com\/wp-content\/uploads\/2025\/05\/MFC2046-Installation-and-Safety-Manual-v1.0-r1.6.pdf\" target=\"_blank\" rel=\"noopener\">MFC2046: Installation and Safety Manual<\/a><\/p>\n<p><a href=\"https:\/\/www.metrolab.com\/wp-content\/uploads\/2025\/09\/MFCToolV10-key-specifications.pdf\" target=\"_blank\" rel=\"noopener\">MFC2046 key specifications<\/a><\/p>\n<p><a href=\"https:\/\/www.metrolab.com\/wp-content\/uploads\/2025\/05\/Web151020.pdf\" target=\"_blank\" rel=\"noopener\">SHE webinar by Guy Aubert supporting documents<\/a><\/p>\n<p><a href=\"https:\/\/www.metrolab.com\/wp-content\/uploads\/2025\/05\/MFC2046.pdf\" target=\"_blank\" rel=\"noopener\">MFC2046 Brochure<\/a><\/p>\n<p><a href=\"https:\/\/www.metrolab.com\/wp-content\/uploads\/2025\/05\/Testimonial-Aoxin-Med-MFC9046.pdf\" target=\"_blank\" rel=\"noopener\">Aoxin Med testimonial on the use of MFC9046 for extremity MRI magnet mapping<\/a>[\/vc_column_text][\/vc_tta_section][vc_tta_section title=&#8221;THM1176&#8243; tab_id=&#8221;1696868831286-d580cdf4-84c9&#8243;][vc_column_text css=&#8221;&#8221;]<a href=\"https:\/\/www.metrolab.com\/wp-content\/uploads\/2025\/02\/Metrolab-EZMag3D-InstallerWindows-1.2.3.zip\" target=\"_blank\" rel=\"noopener\">EZMag3D v1.2.4 (Nov 2025)<\/a><\/p>\n<p><a href=\"https:\/\/www.metrolab.com\/wp-content\/uploads\/2025\/05\/EZMag3D-XML-to-Excell.zip\">EZMag3D XML to Excell convertor<\/a>.<\/p>\n<p><a href=\"https:\/\/www.metrolab.com\/wp-content\/uploads\/2025\/05\/Driver-change-procedure.pdf\">Driver change procedure<\/a>.<\/p>\n<p><a href=\"https:\/\/www.metrolab.com\/wp-content\/uploads\/2025\/02\/Metrolab-XML-Record-v-1.1-r-2.3.pdf\">Metrolab XML Reccord v-1.1-r-2.3<\/a><\/p>\n<p><a href=\"https:\/\/www.metrolab.com\/wp-content\/uploads\/2025\/11\/THM1176_Instr_Api_Mgr-20251030_122224.zip\">THM1176 C\u00a0++ API and Instrument Manager for software development\u00a0<\/a><\/p>\n<p><a href=\"https:\/\/www.metrolab.com\/wp-content\/uploads\/2025\/10\/THM1176-key-specifications.pdf\" target=\"_blank\" rel=\"noopener\">THM1176 &amp; TFM1186 key specifications<\/a><\/p>\n<p><a href=\"https:\/\/www.metrolab.com\/wp-content\/uploads\/2025\/05\/THM1176.pdf\" target=\"_blank\" rel=\"noopener\">THM1176 Brochure<\/a><\/p>\n<p><a href=\"https:\/\/www.metrolab.com\/wp-content\/uploads\/2025\/10\/THM1176-User-Manual.pdf\" target=\"_blank\" rel=\"noopener\">Three-axis Magnetometers THM1176 and TFM1186: User\u2019s Manual<\/a><\/p>\n<p><a href=\"https:\/\/www.metrolab.com\/wp-content\/uploads\/2025\/05\/THM1176-Desktop-Kit-software-v4.1.1.zip\" target=\"_blank\" rel=\"noopener\">THM1176 Desktop Kit software v4.1.1<\/a><\/p>\n<p><a href=\"https:\/\/old.metrolab.com\/thm1176-handheld-kit-charging-problem\/\">THM1176 handheld kit: charging problem<\/a><\/p>\n<p><a href=\"https:\/\/www.metrolab.com\/wp-content\/uploads\/2025\/05\/THM1176-User-Manual-v1_3r1_4.zip\" target=\"_blank\" rel=\"noopener\">THM1176 User Manual v1_3r1_4<\/a><\/p>\n<p><a href=\"https:\/\/www.metrolab.com\/wp-content\/uploads\/2025\/05\/Metrolab-THM1176-API-and-Manual.zip\" target=\"_blank\" rel=\"noopener\">THM1176 Labview API<\/a><\/p>\n<p><a href=\"https:\/\/www.metrolab.com\/python-driver-and-epics-hosting-for-the-thm1176\/\" target=\"_blank\" rel=\"noopener\">Python module And Epics hosting for THM1176<\/a><\/p>\n<p><a href=\"https:\/\/www.metrolab.com\/wp-content\/uploads\/2025\/05\/THM1176_softw_driver_Handheld_Kit_4_0_2.zip\" target=\"_blank\" rel=\"noopener\">THM1176 Handheld Kit software v4.0.2<\/a>[\/vc_column_text][\/vc_tta_section][vc_tta_section title=&#8221;TFM1186&#8243; tab_id=&#8221;1696869036776-48f3a2ab-1232&#8243;][vc_column_text css=&#8221;&#8221;]<a href=\"https:\/\/www.metrolab.com\/ezmag3d-v-1-2-4\/\" target=\"_blank\" rel=\"noopener\">EZMag3D v1.2.4 (Nov 2025)<\/a><\/p>\n<p><a href=\"https:\/\/www.metrolab.com\/wp-content\/uploads\/2025\/05\/EZMag3D-XML-to-Excell.zip\">EZMag3D XML to Excell convertor<\/a>.<\/p>\n<p><a href=\"https:\/\/www.metrolab.com\/wp-content\/uploads\/2025\/05\/Driver-change-procedure.pdf\">Driver change procedure<\/a>.<\/p>\n<p><a href=\"https:\/\/www.metrolab.com\/wp-content\/uploads\/2025\/02\/Metrolab-XML-Record-v-1.1-r-2.3.pdf\">Metrolab XML Record v-1.1-r-2.3<\/a><\/p>\n<p><a href=\"https:\/\/www.metrolab.com\/wp-content\/uploads\/2025\/11\/THM1176_Instr_Api_Mgr-20251030_122224.zip\">TFM1186 C ++ API and Instrument Manager for software development\u00a0<\/a><\/p>\n<p><a href=\"https:\/\/www.metrolab.com\/wp-content\/uploads\/2025\/10\/THM1176-key-specifications.pdf\" target=\"_blank\" rel=\"noopener\">TFM1186 &amp; THM1176 key specifications<\/a><\/p>\n<p><a href=\"https:\/\/www.metrolab.com\/wp-content\/uploads\/2025\/05\/THM1176.pdf\" target=\"_blank\" rel=\"noopener\">TFM1186 Brochure<\/a><\/p>\n<p><a href=\"https:\/\/www.metrolab.com\/wp-content\/uploads\/2025\/10\/THM1176-User-Manual.pdf\" target=\"_blank\" rel=\"noopener\">Three-axis Magnetometers THM1176 and TFM1186: User\u2019s Manual<\/a><\/p>\n<p><a href=\"https:\/\/www.metrolab.com\/wp-content\/uploads\/2025\/05\/THM1176-Desktop-Kit-software-v4.1.1.zip\" target=\"_blank\" rel=\"noopener\">TFM1186 Desktop Kit software v4.1.1<\/a><\/p>\n<p><a href=\"https:\/\/old.metrolab.com\/thm1176-handheld-kit-charging-problem\/\">TFM1186 handheld kit: charging problem<\/a><\/p>\n<p><a href=\"https:\/\/www.metrolab.com\/wp-content\/uploads\/2025\/05\/THM1176-User-Manual-v1_3r1_4.zip\" target=\"_blank\" rel=\"noopener\">TFM1186 User Manual v1_3r1_4<\/a><\/p>\n<p><a href=\"https:\/\/www.metrolab.com\/wp-content\/uploads\/2025\/05\/Metrolab-THM1176-API-and-Manual.zip\" target=\"_blank\" rel=\"noopener\">TFM1186 Labview API<\/a><\/p>\n<p><a href=\"https:\/\/www.metrolab.com\/python-driver-and-epics-hosting-for-the-thm1176\/\" target=\"_blank\" rel=\"noopener\">Python module and Epics Hosting for TFM1186<\/a><\/p>\n<p><a href=\"https:\/\/www.metrolab.com\/wp-content\/uploads\/2025\/05\/THM1176_softw_driver_Handheld_Kit_4_0_2.zip\" target=\"_blank\" rel=\"noopener\">TFM1186 Handheld Kit software v4.0.2<\/a>[\/vc_column_text][\/vc_tta_section][vc_tta_section title=&#8221;MAGVECTOR\u2122 MV2&#8243; tab_id=&#8221;1696869161983-7cdbff80-913b&#8221;][vc_column_text css=&#8221;&#8221;]<a href=\"https:\/\/www.metrolab.com\/wp-content\/uploads\/2025\/05\/MV2.pdf\" target=\"_blank\" rel=\"noopener\">MagVector\u2122 MV2 Brochure<\/a><\/p>\n<p><a href=\"https:\/\/www.metrolab.com\/wp-content\/uploads\/2025\/05\/Tag_18_06_27_C.zip\" target=\"_blank\" rel=\"noopener\">MagVector\u2122 MV2 Evaluation Kit Software Tag_18_06_27_C<\/a><\/p>\n<p><a href=\"https:\/\/www.metrolab.com\/wp-content\/uploads\/2025\/05\/MagVector-MV2-Datasheet-v2.5.pdf\" target=\"_blank\" rel=\"noopener\">MagVector\u2122 MV2 3-Axis Magnetic Sensor: Data Sheet v. 2.5<\/a><\/p>\n<p><a href=\"https:\/\/www.metrolab.com\/wp-content\/uploads\/2025\/05\/Magnetics-2017-Philip-Keller.pdf\" target=\"_blank\" rel=\"noopener\">Presentation: 3-Axis Magnetometer on a Chip<\/a><\/p>\n<p><a href=\"https:\/\/www.metrolab.com\/wp-content\/uploads\/2025\/05\/Magnetics-Technology-International-2017.pdf\" target=\"_blank\" rel=\"noopener\">Article: Three-axis magnetometer on a chip<\/a>[\/vc_column_text][\/vc_tta_section][vc_tta_section title=&#8221;FDI2056&#8243; tab_id=&#8221;1696869408545-bb575615-12e3&#8243;][vc_column_text css=&#8221;&#8221;]<a href=\"https:\/\/www.metrolab.com\/wp-content\/uploads\/2025\/05\/FDI2056.pdf\" target=\"_blank\" rel=\"noopener\">FDI2056 Brochure<\/a><\/p>\n<p><a href=\"https:\/\/www.metrolab.com\/wp-content\/uploads\/2025\/05\/FDI2056_softw_driver_v2_02.zip\" target=\"_blank\" rel=\"noopener\">FDI2056 Software v2.0<\/a><\/p>\n<p><a href=\"https:\/\/www.metrolab.com\/wp-content\/uploads\/2025\/05\/Metrolab-FDI2056-LabVIEW-Driver-1.0.zip\" target=\"_blank\" rel=\"noopener\">FDI2056 LabVIEW Driver v1.0<\/a><\/p>\n<p><a href=\"https:\/\/www.metrolab.com\/wp-content\/uploads\/2025\/05\/FDI2056_manual_v20_rev12.pdf\" target=\"_blank\" rel=\"noopener\">Fast Digital Integrator FDI2056: User\u2019s Manual v2.0 r1.2<\/a><\/p>\n<p><a href=\"https:\/\/www.metrolab.com\/wp-content\/uploads\/2025\/05\/FDI2056_manual_getting_started_PDI5025_emul_mode_v10_rev12.pdf\" target=\"_blank\" rel=\"noopener\">FDI2056: Getting Started in PDI5025 Emulation Mode v1.0 r1.2<\/a><\/p>\n<p><a href=\"https:\/\/www.metrolab.com\/wp-content\/uploads\/2025\/05\/FDI2056_manual_getting_started_v10_rev11.pdf\" target=\"_blank\" rel=\"noopener\">FDI2056: Getting Started with the FDI2056 v1.0 r1.1<\/a><\/p>\n<p><a href=\"https:\/\/www.metrolab.com\/wp-content\/uploads\/2025\/05\/FDI2056_tech_note_Measuring-magnetic-field-transients.pdf\" target=\"_blank\" rel=\"noopener\">Measuring magnetic field transients<\/a>[\/vc_column_text][\/vc_tta_section][vc_tta_section title=&#8221;PM1055&#8243; tab_id=&#8221;1696869481973-69d4e883-bdec&#8221;][vc_column_text css=&#8221;&#8221;]<a href=\"https:\/\/www.metrolab.com\/wp-content\/uploads\/2025\/05\/PM1055.pdf\" target=\"_blank\" rel=\"noopener\">PM1055 Data Sheet<\/a><\/p>\n<p><a href=\"https:\/\/www.metrolab.com\/wp-content\/uploads\/2025\/05\/PM1055_tech_note_typical-field-map-1.pdf\" target=\"_blank\" rel=\"noopener\">PM1055 Typical Field Map<\/a>[\/vc_column_text][\/vc_tta_section][vc_tta_section title=&#8221;G\u00e9n\u00e9ral&#8221; tab_id=&#8221;1696869524513-1c14354f-fb8c&#8221;][vc_column_text css=&#8221;&#8221;]<a href=\"https:\/\/www.metrolab.com\/wp-content\/uploads\/2025\/05\/HallinSight.pdf\" target=\"_blank\" rel=\"noopener\">HallinSight brochure<\/a><\/p>\n<p><a href=\"https:\/\/www.metrolab.com\/wp-content\/uploads\/2025\/05\/Metrolab.pdf\" target=\"_blank\" rel=\"noopener\">Metrolab general brochure<\/a>[\/vc_column_text][\/vc_tta_section][vc_tta_section title=&#8221;Legacy Products&#8221; tab_id=&#8221;1711355394843-cf7eafe2-8f48&#8243;][vc_column_text css=&#8221;&#8221;]<a href=\"https:\/\/www.metrolab.com\/wp-content\/uploads\/2025\/05\/MFC3045-EOL.pdf\" target=\"_blank\" rel=\"noopener\">MFC3045 &#8211; MFC3045 End of Life Notification<\/a><\/p>\n<p><a href=\"https:\/\/www.metrolab.com\/wp-content\/uploads\/2025\/05\/MFC3039_manual_probe_array_holder_assemb_instruct.pdf\" target=\"_blank\" rel=\"noopener\">Assembly instructions for the MFC3039 rotating probe-array holder<\/a><\/p>\n<p><a href=\"https:\/\/www.metrolab.com\/wp-content\/uploads\/2025\/05\/Compensation_Coils_broch.pdf\" target=\"_blank\" rel=\"noopener\">PT2025 &#8211; Gradient Compensation Coils Data Sheet<\/a>[\/vc_column_text][\/vc_tta_section][\/vc_tta_tour][\/vc_column][\/vc_row][vc_row][vc_column][vc_empty_space height=&#8221;30px&#8221;][\/vc_column][\/vc_row]\n<\/div>","protected":false},"excerpt":{"rendered":"<p>[vc_row thb_full_width=&#8221;true&#8221; thb_row_padding=&#8221;true&#8221; thb_column_padding=&#8221;true&#8221; content_placement=&#8221;middle&#8221; thb_scroll_bottom=&#8221;true&#8221; thb_scroll_bottom_style=&#8221;style3&#8243; thb_scroll_bottom_color=&#8221;light&#8221; css=&#8221;.vc_custom_1700227504040{padding-top: 30vh !important;padding-bottom: 25vh !important;background-image: url(https:\/\/www.metrolab.com\/wp-content\/uploads\/2023\/10\/R13_4417-scaled.jpg?id=17064) !important;background-position: center !important;background-repeat: no-repeat !important;background-size: cover !important;}&#8221; bg_gradient1=&#8221;rgba(34,58,134,0.41)&#8221; bg_gradient2=&#8221;rgba(34,58,134,0.4)&#8221;][vc_column thb_color=&#8221;thb-light-column&#8221;][vc_row_inner][vc_column_inner offset=&#8221;vc_col-lg-6 vc_col-md-9&#8243;][vc_empty_space height=&#8221;10px&#8221;][vc_column_text animation=&#8221;animation fade-in&#8221;]Des fiches techniques aux mises \u00e0 jour logicielles, vous trouverez ici les informations et les ressources dont vous avez besoin pour d\u00e9couvrir, acqu\u00e9rir, installer et profiter de&hellip;<\/p>\n","protected":false},"author":1,"featured_media":0,"parent":0,"menu_order":0,"comment_status":"closed","ping_status":"closed","template":"","meta":{"_acf_changed":false,"content-type":"","inline_featured_image":false,"_monsterinsights_skip_tracking":false,"_monsterinsights_sitenote_active":false,"_monsterinsights_sitenote_note":"","_monsterinsights_sitenote_category":0,"footnotes":""},"class_list":["post-16971","page","type-page","status-publish","hentry"],"acf":[],"yoast_head":"<!-- This site is optimized with the Yoast SEO plugin v22.7 - https:\/\/yoast.com\/wordpress\/plugins\/seo\/ -->\n<title>Ressources - MetroLab<\/title>\n<meta name=\"robots\" content=\"index, follow, max-snippet:-1, max-image-preview:large, max-video-preview:-1\" \/>\n<link rel=\"canonical\" href=\"https:\/\/www.metrolab.com\/fr\/ressources\/\" \/>\n<meta property=\"og:locale\" content=\"fr_FR\" \/>\n<meta property=\"og:type\" content=\"article\" \/>\n<meta property=\"og:title\" content=\"Ressources - MetroLab\" \/>\n<meta property=\"og:description\" content=\"[vc_row thb_full_width=&#8221;true&#8221; thb_row_padding=&#8221;true&#8221; thb_column_padding=&#8221;true&#8221; content_placement=&#8221;middle&#8221; thb_scroll_bottom=&#8221;true&#8221; thb_scroll_bottom_style=&#8221;style3&#8243; thb_scroll_bottom_color=&#8221;light&#8221; css=&#8221;.vc_custom_1700227504040{padding-top: 30vh !important;padding-bottom: 25vh !important;background-image: url(https:\/\/www.metrolab.com\/wp-content\/uploads\/2023\/10\/R13_4417-scaled.jpg?id=17064) !important;background-position: center !important;background-repeat: no-repeat !important;background-size: cover !important;}&#8221; bg_gradient1=&#8221;rgba(34,58,134,0.41)&#8221; bg_gradient2=&#8221;rgba(34,58,134,0.4)&#8221;][vc_column thb_color=&#8221;thb-light-column&#8221;][vc_row_inner][vc_column_inner offset=&#8221;vc_col-lg-6 vc_col-md-9&#8243;][vc_empty_space height=&#8221;10px&#8221;][vc_column_text animation=&#8221;animation fade-in&#8221;]Des fiches techniques aux mises \u00e0 jour logicielles, vous trouverez ici les informations et les ressources dont vous avez besoin pour d\u00e9couvrir, acqu\u00e9rir, installer et profiter de&hellip;\" \/>\n<meta property=\"og:url\" content=\"https:\/\/www.metrolab.com\/fr\/ressources\/\" \/>\n<meta property=\"og:site_name\" content=\"MetroLab\" \/>\n<meta property=\"article:publisher\" content=\"https:\/\/www.facebook.com\/metrolabtech\" \/>\n<meta property=\"article:modified_time\" content=\"2025-11-13T06:04:09+00:00\" \/>\n<meta name=\"twitter:card\" content=\"summary_large_image\" \/>\n<meta name=\"twitter:label1\" content=\"Dur\u00e9e de lecture estim\u00e9e\" \/>\n\t<meta name=\"twitter:data1\" content=\"3 minutes\" \/>\n<script type=\"application\/ld+json\" class=\"yoast-schema-graph\">{\"@context\":\"https:\/\/schema.org\",\"@graph\":[{\"@type\":\"WebPage\",\"@id\":\"https:\/\/www.metrolab.com\/fr\/ressources\/\",\"url\":\"https:\/\/www.metrolab.com\/fr\/ressources\/\",\"name\":\"Ressources - MetroLab\",\"isPartOf\":{\"@id\":\"https:\/\/www.metrolab.com\/#website\"},\"datePublished\":\"2023-10-09T16:13:44+00:00\",\"dateModified\":\"2025-11-13T06:04:09+00:00\",\"breadcrumb\":{\"@id\":\"https:\/\/www.metrolab.com\/fr\/ressources\/#breadcrumb\"},\"inLanguage\":\"fr-FR\",\"potentialAction\":[{\"@type\":\"ReadAction\",\"target\":[\"https:\/\/www.metrolab.com\/fr\/ressources\/\"]}]},{\"@type\":\"BreadcrumbList\",\"@id\":\"https:\/\/www.metrolab.com\/fr\/ressources\/#breadcrumb\",\"itemListElement\":[{\"@type\":\"ListItem\",\"position\":1,\"name\":\"Home\",\"item\":\"https:\/\/www.metrolab.com\/fr\/\"},{\"@type\":\"ListItem\",\"position\":2,\"name\":\"Ressources\"}]},{\"@type\":\"WebSite\",\"@id\":\"https:\/\/www.metrolab.com\/#website\",\"url\":\"https:\/\/www.metrolab.com\/\",\"name\":\"Metrolab\",\"description\":\"Magnet Precision has a name\",\"publisher\":{\"@id\":\"https:\/\/www.metrolab.com\/#organization\"},\"potentialAction\":[{\"@type\":\"SearchAction\",\"target\":{\"@type\":\"EntryPoint\",\"urlTemplate\":\"https:\/\/www.metrolab.com\/?s={search_term_string}\"},\"query-input\":\"required name=search_term_string\"}],\"inLanguage\":\"fr-FR\"},{\"@type\":\"Organization\",\"@id\":\"https:\/\/www.metrolab.com\/#organization\",\"name\":\"Metrolab Technology SA\",\"url\":\"https:\/\/www.metrolab.com\/\",\"logo\":{\"@type\":\"ImageObject\",\"inLanguage\":\"fr-FR\",\"@id\":\"https:\/\/www.metrolab.com\/#\/schema\/logo\/image\/\",\"url\":\"https:\/\/www.metrolab.com\/wp-content\/uploads\/2023\/07\/metrolab-logo-web.png\",\"contentUrl\":\"https:\/\/www.metrolab.com\/wp-content\/uploads\/2023\/07\/metrolab-logo-web.png\",\"width\":350,\"height\":55,\"caption\":\"Metrolab Technology SA\"},\"image\":{\"@id\":\"https:\/\/www.metrolab.com\/#\/schema\/logo\/image\/\"},\"sameAs\":[\"https:\/\/www.facebook.com\/metrolabtech\",\"https:\/\/www.linkedin.com\/company\/metrolab-technology\/\",\"https:\/\/www.youtube.com\/channel\/UCxOV77HrPs6xb1weLsByedA\"]}]}<\/script>\n<!-- \/ Yoast SEO plugin. -->","yoast_head_json":{"title":"Ressources - MetroLab","robots":{"index":"index","follow":"follow","max-snippet":"max-snippet:-1","max-image-preview":"max-image-preview:large","max-video-preview":"max-video-preview:-1"},"canonical":"https:\/\/www.metrolab.com\/fr\/ressources\/","og_locale":"fr_FR","og_type":"article","og_title":"Ressources - MetroLab","og_description":"[vc_row thb_full_width=&#8221;true&#8221; thb_row_padding=&#8221;true&#8221; thb_column_padding=&#8221;true&#8221; content_placement=&#8221;middle&#8221; thb_scroll_bottom=&#8221;true&#8221; thb_scroll_bottom_style=&#8221;style3&#8243; thb_scroll_bottom_color=&#8221;light&#8221; css=&#8221;.vc_custom_1700227504040{padding-top: 30vh !important;padding-bottom: 25vh !important;background-image: url(https:\/\/www.metrolab.com\/wp-content\/uploads\/2023\/10\/R13_4417-scaled.jpg?id=17064) !important;background-position: center !important;background-repeat: no-repeat !important;background-size: cover !important;}&#8221; bg_gradient1=&#8221;rgba(34,58,134,0.41)&#8221; bg_gradient2=&#8221;rgba(34,58,134,0.4)&#8221;][vc_column thb_color=&#8221;thb-light-column&#8221;][vc_row_inner][vc_column_inner offset=&#8221;vc_col-lg-6 vc_col-md-9&#8243;][vc_empty_space height=&#8221;10px&#8221;][vc_column_text animation=&#8221;animation fade-in&#8221;]Des fiches techniques aux mises \u00e0 jour logicielles, vous trouverez ici les informations et les ressources dont vous avez besoin pour d\u00e9couvrir, acqu\u00e9rir, installer et profiter de&hellip;","og_url":"https:\/\/www.metrolab.com\/fr\/ressources\/","og_site_name":"MetroLab","article_publisher":"https:\/\/www.facebook.com\/metrolabtech","article_modified_time":"2025-11-13T06:04:09+00:00","twitter_card":"summary_large_image","twitter_misc":{"Dur\u00e9e de lecture estim\u00e9e":"3 minutes"},"schema":{"@context":"https:\/\/schema.org","@graph":[{"@type":"WebPage","@id":"https:\/\/www.metrolab.com\/fr\/ressources\/","url":"https:\/\/www.metrolab.com\/fr\/ressources\/","name":"Ressources - MetroLab","isPartOf":{"@id":"https:\/\/www.metrolab.com\/#website"},"datePublished":"2023-10-09T16:13:44+00:00","dateModified":"2025-11-13T06:04:09+00:00","breadcrumb":{"@id":"https:\/\/www.metrolab.com\/fr\/ressources\/#breadcrumb"},"inLanguage":"fr-FR","potentialAction":[{"@type":"ReadAction","target":["https:\/\/www.metrolab.com\/fr\/ressources\/"]}]},{"@type":"BreadcrumbList","@id":"https:\/\/www.metrolab.com\/fr\/ressources\/#breadcrumb","itemListElement":[{"@type":"ListItem","position":1,"name":"Home","item":"https:\/\/www.metrolab.com\/fr\/"},{"@type":"ListItem","position":2,"name":"Ressources"}]},{"@type":"WebSite","@id":"https:\/\/www.metrolab.com\/#website","url":"https:\/\/www.metrolab.com\/","name":"Metrolab","description":"Magnet Precision has a name","publisher":{"@id":"https:\/\/www.metrolab.com\/#organization"},"potentialAction":[{"@type":"SearchAction","target":{"@type":"EntryPoint","urlTemplate":"https:\/\/www.metrolab.com\/?s={search_term_string}"},"query-input":"required name=search_term_string"}],"inLanguage":"fr-FR"},{"@type":"Organization","@id":"https:\/\/www.metrolab.com\/#organization","name":"Metrolab Technology SA","url":"https:\/\/www.metrolab.com\/","logo":{"@type":"ImageObject","inLanguage":"fr-FR","@id":"https:\/\/www.metrolab.com\/#\/schema\/logo\/image\/","url":"https:\/\/www.metrolab.com\/wp-content\/uploads\/2023\/07\/metrolab-logo-web.png","contentUrl":"https:\/\/www.metrolab.com\/wp-content\/uploads\/2023\/07\/metrolab-logo-web.png","width":350,"height":55,"caption":"Metrolab Technology SA"},"image":{"@id":"https:\/\/www.metrolab.com\/#\/schema\/logo\/image\/"},"sameAs":["https:\/\/www.facebook.com\/metrolabtech","https:\/\/www.linkedin.com\/company\/metrolab-technology\/","https:\/\/www.youtube.com\/channel\/UCxOV77HrPs6xb1weLsByedA"]}]}},"_links":{"self":[{"href":"https:\/\/www.metrolab.com\/fr\/wp-json\/wp\/v2\/pages\/16971","targetHints":{"allow":["GET"]}}],"collection":[{"href":"https:\/\/www.metrolab.com\/fr\/wp-json\/wp\/v2\/pages"}],"about":[{"href":"https:\/\/www.metrolab.com\/fr\/wp-json\/wp\/v2\/types\/page"}],"author":[{"embeddable":true,"href":"https:\/\/www.metrolab.com\/fr\/wp-json\/wp\/v2\/users\/1"}],"replies":[{"embeddable":true,"href":"https:\/\/www.metrolab.com\/fr\/wp-json\/wp\/v2\/comments?post=16971"}],"version-history":[{"count":32,"href":"https:\/\/www.metrolab.com\/fr\/wp-json\/wp\/v2\/pages\/16971\/revisions"}],"predecessor-version":[{"id":21877,"href":"https:\/\/www.metrolab.com\/fr\/wp-json\/wp\/v2\/pages\/16971\/revisions\/21877"}],"wp:attachment":[{"href":"https:\/\/www.metrolab.com\/fr\/wp-json\/wp\/v2\/media?parent=16971"}],"curies":[{"name":"wp","href":"https:\/\/api.w.org\/{rel}","templated":true}]}}