{"id":16894,"date":"2023-10-03T15:38:18","date_gmt":"2023-10-03T13:38:18","guid":{"rendered":"https:\/\/www.metrolab.com\/?page_id=16894"},"modified":"2024-02-26T15:50:52","modified_gmt":"2024-02-26T14:50:52","slug":"jobs","status":"publish","type":"page","link":"https:\/\/www.metrolab.com\/fr\/jobs\/","title":{"rendered":"Carri\u00e8re"},"content":{"rendered":"<div class=\"wpb-content-wrapper\">[vc_row thb_full_width=&#8221;true&#8221; thb_row_padding=&#8221;true&#8221; thb_column_padding=&#8221;true&#8221; css=&#8221;.vc_custom_1696340098639{margin-bottom: 10vh !important;padding-top: 12vh !important;padding-bottom: 12vh !important;background: #223a86 url(https:\/\/www.metrolab.com\/wp-content\/uploads\/2023\/09\/R13_4521-scaled.jpg?id=16720) !important;background-position: center !important;background-repeat: no-repeat !important;background-size: cover !important;}&#8221; bg_gradient1=&#8221;rgba(34,58,134,0.4)&#8221; bg_gradient2=&#8221;rgba(34,58,134,0.6)&#8221;][vc_column][vc_row_inner][vc_column_inner thb_color=&#8221;thb-light-column&#8221; offset=&#8221;vc_col-lg-5 vc_col-md-7&#8243;]\t<div id=\"thb-slidetype-69d4121c5eaf3\" class=\"thb-slidetype \" data-style=\"style2\">\n\t\t\n<h1><span class=\"thb-slidetype-entry\"><span class=\"lines\">Carri\u00e8re<\/span><\/span><\/h1>\n\t\t\t<\/div>\n\n\t[vc_empty_space height=&#8221;12px&#8221;][vc_column_text animation=&#8221;animation fade-in&#8221;]\n<h5>Rejoignez le leader mondial du march\u00e9 des magn\u00e9tom\u00e8tres de pr\u00e9cision.<\/h5>\n[\/vc_column_text][\/vc_column_inner][\/vc_row_inner][\/vc_column][\/vc_row][vc_row css=&#8221;.vc_custom_1531485647105{margin-bottom: 10vh !important;}&#8221;][vc_column fixed=&#8221;thb-fixed&#8221; width=&#8221;1\/3&#8243; css=&#8221;.vc_custom_1531485361835{padding-right: 20px !important;}&#8221;][vc_column_text]\n<h3>Si\u00e8ge Suisse<\/h3>\n<p>Metrolab Technology SA<br \/>\nch. du Pont-du-Centenaire 110<br \/>\nCHF \u2013 1228 Plan-les-Ouates<\/p>\n<p>contacts@metrolab.com<br \/>\n<a href=\"tel:+41228843311\">+41 22 884 33 11<\/a>[\/vc_column_text][vc_empty_space][\/vc_column][vc_column width=&#8221;2\/3&#8243;][vc_column_text]\n<h4>Nous n&#8217;avons pas de poste ouvert pour le moment.<\/h4>\n[\/vc_column_text][vc_empty_space][\/vc_column][\/vc_row][vc_row css=&#8221;.vc_custom_1531485647105{margin-bottom: 10vh !important;}&#8221;][vc_column fixed=&#8221;thb-fixed&#8221; css=&#8221;.vc_custom_1531485361835{padding-right: 20px !important;}&#8221;][vc_empty_space][vc_row_inner css=&#8221;.vc_custom_1696340249603{border-top-width: 1px !important;border-right-width: 1px !important;border-bottom-width: 1px !important;border-left-width: 1px !important;padding-top: 8% !important;padding-right: 10% !important;padding-bottom: 8% !important;padding-left: 10% !important;background-color: #f4fdfe !important;border-left-color: #8adce7 !important;border-left-style: solid !important;border-right-color: #8adce7 !important;border-right-style: solid !important;border-top-color: #8adce7 !important;border-top-style: solid !important;border-bottom-color: #8adce7 !important;border-bottom-style: solid !important;}&#8221;][vc_column_inner el_class=&#8221;text-center&#8221;][vc_column_text]\n<h3>Aucun poste ouvert ou correspondant \u00e0 vos comp\u00e9tences?<\/h3>\n[\/vc_column_text][vc_column_text]Nous sommes ouverts aux offres spontan\u00e9es. N&#8217;h\u00e9sitez pas \u00e0 nous contacter \u00e0 l&#8217;adresse contacts@metrolab.com<\/p>\n<p>Nous serions ravis d&#8217;\u00e9tudier votre profil.[\/vc_column_text][\/vc_column_inner][\/vc_row_inner][\/vc_column][\/vc_row]\n<\/div>","protected":false},"excerpt":{"rendered":"<p>[vc_row thb_full_width=&#8221;true&#8221; thb_row_padding=&#8221;true&#8221; thb_column_padding=&#8221;true&#8221; css=&#8221;.vc_custom_1696340098639{margin-bottom: 10vh !important;padding-top: 12vh !important;padding-bottom: 12vh !important;background: #223a86 url(https:\/\/www.metrolab.com\/wp-content\/uploads\/2023\/09\/R13_4521-scaled.jpg?id=16720) !important;background-position: center !important;background-repeat: no-repeat !important;background-size: cover !important;}&#8221; bg_gradient1=&#8221;rgba(34,58,134,0.4)&#8221; bg_gradient2=&#8221;rgba(34,58,134,0.6)&#8221;][vc_column][vc_row_inner][vc_column_inner thb_color=&#8221;thb-light-column&#8221; offset=&#8221;vc_col-lg-5 vc_col-md-7&#8243;][vc_empty_space height=&#8221;12px&#8221;][vc_column_text animation=&#8221;animation fade-in&#8221;] Rejoignez le leader mondial du march\u00e9 des magn\u00e9tom\u00e8tres de pr\u00e9cision. [\/vc_column_text][\/vc_column_inner][\/vc_row_inner][\/vc_column][\/vc_row][vc_row css=&#8221;.vc_custom_1531485647105{margin-bottom: 10vh !important;}&#8221;][vc_column fixed=&#8221;thb-fixed&#8221; width=&#8221;1\/3&#8243; css=&#8221;.vc_custom_1531485361835{padding-right: 20px !important;}&#8221;][vc_column_text] Si\u00e8ge Suisse Metrolab Technology SA ch. du Pont-du-Centenaire&hellip;<\/p>\n","protected":false},"author":1,"featured_media":0,"parent":0,"menu_order":0,"comment_status":"closed","ping_status":"closed","template":"","meta":{"_acf_changed":false,"content-type":"","inline_featured_image":false,"_monsterinsights_skip_tracking":false,"_monsterinsights_sitenote_active":false,"_monsterinsights_sitenote_note":"","_monsterinsights_sitenote_category":0,"footnotes":""},"class_list":["post-16894","page","type-page","status-publish","hentry"],"acf":[],"yoast_head":"<!-- This site is optimized with the Yoast SEO plugin v22.7 - https:\/\/yoast.com\/wordpress\/plugins\/seo\/ -->\n<title>Carri\u00e8re - MetroLab<\/title>\n<meta name=\"robots\" content=\"index, follow, max-snippet:-1, max-image-preview:large, max-video-preview:-1\" \/>\n<link rel=\"canonical\" href=\"https:\/\/www.metrolab.com\/fr\/jobs\/\" \/>\n<meta property=\"og:locale\" content=\"fr_FR\" \/>\n<meta property=\"og:type\" content=\"article\" \/>\n<meta property=\"og:title\" content=\"Carri\u00e8re - MetroLab\" \/>\n<meta property=\"og:description\" content=\"[vc_row thb_full_width=&#8221;true&#8221; thb_row_padding=&#8221;true&#8221; thb_column_padding=&#8221;true&#8221; css=&#8221;.vc_custom_1696340098639{margin-bottom: 10vh !important;padding-top: 12vh !important;padding-bottom: 12vh !important;background: #223a86 url(https:\/\/www.metrolab.com\/wp-content\/uploads\/2023\/09\/R13_4521-scaled.jpg?id=16720) !important;background-position: center !important;background-repeat: no-repeat !important;background-size: cover !important;}&#8221; bg_gradient1=&#8221;rgba(34,58,134,0.4)&#8221; bg_gradient2=&#8221;rgba(34,58,134,0.6)&#8221;][vc_column][vc_row_inner][vc_column_inner thb_color=&#8221;thb-light-column&#8221; offset=&#8221;vc_col-lg-5 vc_col-md-7&#8243;][vc_empty_space height=&#8221;12px&#8221;][vc_column_text animation=&#8221;animation fade-in&#8221;] Rejoignez le leader mondial du march\u00e9 des magn\u00e9tom\u00e8tres de pr\u00e9cision. [\/vc_column_text][\/vc_column_inner][\/vc_row_inner][\/vc_column][\/vc_row][vc_row css=&#8221;.vc_custom_1531485647105{margin-bottom: 10vh !important;}&#8221;][vc_column fixed=&#8221;thb-fixed&#8221; width=&#8221;1\/3&#8243; css=&#8221;.vc_custom_1531485361835{padding-right: 20px !important;}&#8221;][vc_column_text] Si\u00e8ge Suisse Metrolab Technology SA ch. du Pont-du-Centenaire&hellip;\" \/>\n<meta property=\"og:url\" content=\"https:\/\/www.metrolab.com\/fr\/jobs\/\" \/>\n<meta property=\"og:site_name\" content=\"MetroLab\" \/>\n<meta property=\"article:publisher\" content=\"https:\/\/www.facebook.com\/metrolabtech\" \/>\n<meta property=\"article:modified_time\" content=\"2024-02-26T14:50:52+00:00\" \/>\n<meta name=\"twitter:card\" content=\"summary_large_image\" \/>\n<meta name=\"twitter:label1\" content=\"Dur\u00e9e de lecture estim\u00e9e\" \/>\n\t<meta name=\"twitter:data1\" content=\"2 minutes\" \/>\n<script type=\"application\/ld+json\" class=\"yoast-schema-graph\">{\"@context\":\"https:\/\/schema.org\",\"@graph\":[{\"@type\":\"WebPage\",\"@id\":\"https:\/\/www.metrolab.com\/fr\/jobs\/\",\"url\":\"https:\/\/www.metrolab.com\/fr\/jobs\/\",\"name\":\"Carri\u00e8re - MetroLab\",\"isPartOf\":{\"@id\":\"https:\/\/www.metrolab.com\/#website\"},\"datePublished\":\"2023-10-03T13:38:18+00:00\",\"dateModified\":\"2024-02-26T14:50:52+00:00\",\"breadcrumb\":{\"@id\":\"https:\/\/www.metrolab.com\/fr\/jobs\/#breadcrumb\"},\"inLanguage\":\"fr-FR\",\"potentialAction\":[{\"@type\":\"ReadAction\",\"target\":[\"https:\/\/www.metrolab.com\/fr\/jobs\/\"]}]},{\"@type\":\"BreadcrumbList\",\"@id\":\"https:\/\/www.metrolab.com\/fr\/jobs\/#breadcrumb\",\"itemListElement\":[{\"@type\":\"ListItem\",\"position\":1,\"name\":\"Home\",\"item\":\"https:\/\/www.metrolab.com\/fr\/\"},{\"@type\":\"ListItem\",\"position\":2,\"name\":\"Carri\u00e8re\"}]},{\"@type\":\"WebSite\",\"@id\":\"https:\/\/www.metrolab.com\/#website\",\"url\":\"https:\/\/www.metrolab.com\/\",\"name\":\"Metrolab\",\"description\":\"Magnet Precision has a name\",\"publisher\":{\"@id\":\"https:\/\/www.metrolab.com\/#organization\"},\"potentialAction\":[{\"@type\":\"SearchAction\",\"target\":{\"@type\":\"EntryPoint\",\"urlTemplate\":\"https:\/\/www.metrolab.com\/?s={search_term_string}\"},\"query-input\":\"required name=search_term_string\"}],\"inLanguage\":\"fr-FR\"},{\"@type\":\"Organization\",\"@id\":\"https:\/\/www.metrolab.com\/#organization\",\"name\":\"Metrolab Technology SA\",\"url\":\"https:\/\/www.metrolab.com\/\",\"logo\":{\"@type\":\"ImageObject\",\"inLanguage\":\"fr-FR\",\"@id\":\"https:\/\/www.metrolab.com\/#\/schema\/logo\/image\/\",\"url\":\"https:\/\/www.metrolab.com\/wp-content\/uploads\/2023\/07\/metrolab-logo-web.png\",\"contentUrl\":\"https:\/\/www.metrolab.com\/wp-content\/uploads\/2023\/07\/metrolab-logo-web.png\",\"width\":350,\"height\":55,\"caption\":\"Metrolab Technology SA\"},\"image\":{\"@id\":\"https:\/\/www.metrolab.com\/#\/schema\/logo\/image\/\"},\"sameAs\":[\"https:\/\/www.facebook.com\/metrolabtech\",\"https:\/\/www.linkedin.com\/company\/metrolab-technology\/\",\"https:\/\/www.youtube.com\/channel\/UCxOV77HrPs6xb1weLsByedA\"]}]}<\/script>\n<!-- \/ Yoast SEO plugin. -->","yoast_head_json":{"title":"Carri\u00e8re - MetroLab","robots":{"index":"index","follow":"follow","max-snippet":"max-snippet:-1","max-image-preview":"max-image-preview:large","max-video-preview":"max-video-preview:-1"},"canonical":"https:\/\/www.metrolab.com\/fr\/jobs\/","og_locale":"fr_FR","og_type":"article","og_title":"Carri\u00e8re - MetroLab","og_description":"[vc_row thb_full_width=&#8221;true&#8221; thb_row_padding=&#8221;true&#8221; thb_column_padding=&#8221;true&#8221; css=&#8221;.vc_custom_1696340098639{margin-bottom: 10vh !important;padding-top: 12vh !important;padding-bottom: 12vh !important;background: #223a86 url(https:\/\/www.metrolab.com\/wp-content\/uploads\/2023\/09\/R13_4521-scaled.jpg?id=16720) !important;background-position: center !important;background-repeat: no-repeat !important;background-size: cover !important;}&#8221; bg_gradient1=&#8221;rgba(34,58,134,0.4)&#8221; bg_gradient2=&#8221;rgba(34,58,134,0.6)&#8221;][vc_column][vc_row_inner][vc_column_inner thb_color=&#8221;thb-light-column&#8221; offset=&#8221;vc_col-lg-5 vc_col-md-7&#8243;][vc_empty_space height=&#8221;12px&#8221;][vc_column_text animation=&#8221;animation fade-in&#8221;] Rejoignez le leader mondial du march\u00e9 des magn\u00e9tom\u00e8tres de pr\u00e9cision. [\/vc_column_text][\/vc_column_inner][\/vc_row_inner][\/vc_column][\/vc_row][vc_row css=&#8221;.vc_custom_1531485647105{margin-bottom: 10vh !important;}&#8221;][vc_column fixed=&#8221;thb-fixed&#8221; width=&#8221;1\/3&#8243; css=&#8221;.vc_custom_1531485361835{padding-right: 20px !important;}&#8221;][vc_column_text] Si\u00e8ge Suisse Metrolab Technology SA ch. du Pont-du-Centenaire&hellip;","og_url":"https:\/\/www.metrolab.com\/fr\/jobs\/","og_site_name":"MetroLab","article_publisher":"https:\/\/www.facebook.com\/metrolabtech","article_modified_time":"2024-02-26T14:50:52+00:00","twitter_card":"summary_large_image","twitter_misc":{"Dur\u00e9e de lecture estim\u00e9e":"2 minutes"},"schema":{"@context":"https:\/\/schema.org","@graph":[{"@type":"WebPage","@id":"https:\/\/www.metrolab.com\/fr\/jobs\/","url":"https:\/\/www.metrolab.com\/fr\/jobs\/","name":"Carri\u00e8re - MetroLab","isPartOf":{"@id":"https:\/\/www.metrolab.com\/#website"},"datePublished":"2023-10-03T13:38:18+00:00","dateModified":"2024-02-26T14:50:52+00:00","breadcrumb":{"@id":"https:\/\/www.metrolab.com\/fr\/jobs\/#breadcrumb"},"inLanguage":"fr-FR","potentialAction":[{"@type":"ReadAction","target":["https:\/\/www.metrolab.com\/fr\/jobs\/"]}]},{"@type":"BreadcrumbList","@id":"https:\/\/www.metrolab.com\/fr\/jobs\/#breadcrumb","itemListElement":[{"@type":"ListItem","position":1,"name":"Home","item":"https:\/\/www.metrolab.com\/fr\/"},{"@type":"ListItem","position":2,"name":"Carri\u00e8re"}]},{"@type":"WebSite","@id":"https:\/\/www.metrolab.com\/#website","url":"https:\/\/www.metrolab.com\/","name":"Metrolab","description":"Magnet Precision has a name","publisher":{"@id":"https:\/\/www.metrolab.com\/#organization"},"potentialAction":[{"@type":"SearchAction","target":{"@type":"EntryPoint","urlTemplate":"https:\/\/www.metrolab.com\/?s={search_term_string}"},"query-input":"required name=search_term_string"}],"inLanguage":"fr-FR"},{"@type":"Organization","@id":"https:\/\/www.metrolab.com\/#organization","name":"Metrolab Technology SA","url":"https:\/\/www.metrolab.com\/","logo":{"@type":"ImageObject","inLanguage":"fr-FR","@id":"https:\/\/www.metrolab.com\/#\/schema\/logo\/image\/","url":"https:\/\/www.metrolab.com\/wp-content\/uploads\/2023\/07\/metrolab-logo-web.png","contentUrl":"https:\/\/www.metrolab.com\/wp-content\/uploads\/2023\/07\/metrolab-logo-web.png","width":350,"height":55,"caption":"Metrolab Technology SA"},"image":{"@id":"https:\/\/www.metrolab.com\/#\/schema\/logo\/image\/"},"sameAs":["https:\/\/www.facebook.com\/metrolabtech","https:\/\/www.linkedin.com\/company\/metrolab-technology\/","https:\/\/www.youtube.com\/channel\/UCxOV77HrPs6xb1weLsByedA"]}]}},"_links":{"self":[{"href":"https:\/\/www.metrolab.com\/fr\/wp-json\/wp\/v2\/pages\/16894","targetHints":{"allow":["GET"]}}],"collection":[{"href":"https:\/\/www.metrolab.com\/fr\/wp-json\/wp\/v2\/pages"}],"about":[{"href":"https:\/\/www.metrolab.com\/fr\/wp-json\/wp\/v2\/types\/page"}],"author":[{"embeddable":true,"href":"https:\/\/www.metrolab.com\/fr\/wp-json\/wp\/v2\/users\/1"}],"replies":[{"embeddable":true,"href":"https:\/\/www.metrolab.com\/fr\/wp-json\/wp\/v2\/comments?post=16894"}],"version-history":[{"count":3,"href":"https:\/\/www.metrolab.com\/fr\/wp-json\/wp\/v2\/pages\/16894\/revisions"}],"predecessor-version":[{"id":18236,"href":"https:\/\/www.metrolab.com\/fr\/wp-json\/wp\/v2\/pages\/16894\/revisions\/18236"}],"wp:attachment":[{"href":"https:\/\/www.metrolab.com\/fr\/wp-json\/wp\/v2\/media?parent=16894"}],"curies":[{"name":"wp","href":"https:\/\/api.w.org\/{rel}","templated":true}]}}