{"id":16889,"date":"2023-10-03T15:16:18","date_gmt":"2023-10-03T13:16:18","guid":{"rendered":"https:\/\/www.metrolab.com\/?page_id=16889"},"modified":"2023-10-03T15:31:30","modified_gmt":"2023-10-03T13:31:30","slug":"distributeurs","status":"publish","type":"page","link":"https:\/\/www.metrolab.com\/fr\/distributeurs\/","title":{"rendered":"Distributeurs"},"content":{"rendered":"<div class=\"wpb-content-wrapper\">[vc_row thb_full_width=&#8221;true&#8221; thb_row_padding=&#8221;true&#8221; thb_column_padding=&#8221;true&#8221; css=&#8221;.vc_custom_1696338942750{margin-bottom: 10vh !important;padding-top: 12vh !important;padding-bottom: 12vh !important;background: #223a86 url(https:\/\/www.metrolab.com\/wp-content\/uploads\/2023\/07\/metrolab-web-1-1.jpg?id=16393) !important;background-position: center !important;background-repeat: no-repeat !important;background-size: cover !important;}&#8221; bg_gradient1=&#8221;rgba(34,58,134,0.4)&#8221; bg_gradient2=&#8221;rgba(34,58,134,0.6)&#8221;][vc_column][vc_row_inner][vc_column_inner thb_color=&#8221;thb-light-column&#8221; offset=&#8221;vc_col-lg-5 vc_col-md-7&#8243;]\t<div id=\"thb-slidetype-69d28c4c81540\" class=\"thb-slidetype \" data-style=\"style2\">\n\t\t\n<h1><span class=\"thb-slidetype-entry\"><span class=\"lines\">Distributeurs<\/span><\/span><\/h1>\n\t\t\t<\/div>\n\n\t[vc_empty_space height=&#8221;12px&#8221;][vc_column_text animation=&#8221;animation fade-in&#8221;]<span style=\"color: #ffffff;\">La confiance de nos distributeurs nous permet d\u2019\u00eatre pr\u00e9sents dans le monde entier.<\/span>[\/vc_column_text][\/vc_column_inner][\/vc_row_inner][\/vc_column][\/vc_row][vc_row css=&#8221;.vc_custom_1531485647105{margin-bottom: 10vh !important;}&#8221;][vc_column fixed=&#8221;thb-fixed&#8221; width=&#8221;1\/3&#8243; css=&#8221;.vc_custom_1531485361835{padding-right: 20px !important;}&#8221;][vc_column_text]\n<h3>Si\u00e8ge Suisse<\/h3>\n<p>Metrolab Technology SA<br \/>\nch. du Pont-du-Centenaire 110<br \/>\nCHF \u2013 1228 Plan-les-Ouates<\/p>\n<p>contacts@metrolab.com<br \/>\n<a href=\"tel:+41228843311\">+41 22 884 33 11<\/a>[\/vc_column_text][vc_empty_space][\/vc_column][vc_column width=&#8221;2\/3&#8243;]\t<div id=\"thb-image-69d28c4c81584\" class=\"caption-style1  alignleft   thb_image_link wp-caption \">\n\t\t\t<div class=\"thb-image-inner size_100\">\n\t\t\t<img loading=\"lazy\" decoding=\"async\" width=\"1920\" height=\"1080\" src=\"https:\/\/www.metrolab.com\/wp-content\/uploads\/2023\/10\/metrolab-map-world-lq.png\" class=\"thb_image    attachment-full\" alt=\"\" title=\"\" srcset=\"https:\/\/www.metrolab.com\/wp-content\/uploads\/2023\/10\/metrolab-map-world-lq.png 1920w, https:\/\/www.metrolab.com\/wp-content\/uploads\/2023\/10\/metrolab-map-world-lq-300x169.png 300w, https:\/\/www.metrolab.com\/wp-content\/uploads\/2023\/10\/metrolab-map-world-lq-1024x576.png 1024w, https:\/\/www.metrolab.com\/wp-content\/uploads\/2023\/10\/metrolab-map-world-lq-768x432.png 768w, https:\/\/www.metrolab.com\/wp-content\/uploads\/2023\/10\/metrolab-map-world-lq-1536x864.png 1536w, https:\/\/www.metrolab.com\/wp-content\/uploads\/2023\/10\/metrolab-map-world-lq-380x214.png 380w, https:\/\/www.metrolab.com\/wp-content\/uploads\/2023\/10\/metrolab-map-world-lq-20x11.png 20w, https:\/\/www.metrolab.com\/wp-content\/uploads\/2023\/10\/metrolab-map-world-lq-190x107.png 190w, https:\/\/www.metrolab.com\/wp-content\/uploads\/2023\/10\/metrolab-map-world-lq-760x428.png 760w, https:\/\/www.metrolab.com\/wp-content\/uploads\/2023\/10\/metrolab-map-world-lq-1140x641.png 1140w, https:\/\/www.metrolab.com\/wp-content\/uploads\/2023\/10\/metrolab-map-world-lq-600x338.png 600w\" sizes=\"auto, (max-width: 1920px) 100vw, 1920px\" \/>\t\t\t\t\t<\/div>\n\t\t\t\t\t<\/div>\n\t[vc_empty_space][\/vc_column][\/vc_row][vc_row css=&#8221;.vc_custom_1531485647105{margin-bottom: 10vh !important;}&#8221;][vc_column fixed=&#8221;thb-fixed&#8221; width=&#8221;1\/3&#8243; css=&#8221;.vc_custom_1531485361835{padding-right: 20px !important;}&#8221;][vc_column_text]\n<h3>Inde<\/h3>\n<p><strong>Magnergy Technology<\/strong><br \/>\nB-406, Naman Midtown<br \/>\nSenapati Bapat Marg, Elphinstone West<br \/>\nMumbai 400 013 \/ India[\/vc_column_text][vc_empty_space][\/vc_column][vc_column width=&#8221;1\/3&#8243;][vc_column_text]\n<h3>Italie<\/h3>\n<p><strong>GHT Photonics srl<\/strong><br \/>\n55, via Istria<br \/>\n35135 Padova \/ Italy[\/vc_column_text][vc_empty_space][\/vc_column][vc_column width=&#8221;1\/3&#8243;][vc_column_text]\n<h3>Japon<\/h3>\n<p><strong>Daiei Musen Denki Co Ltd (DMD)<\/strong><br \/>\n10-10, Sotokanda, 3-Chome, Chiyoda-Ku<br \/>\nTOKYO 101-0021 \/ Japan[\/vc_column_text][vc_empty_space][\/vc_column][\/vc_row][vc_row css=&#8221;.vc_custom_1531485647105{margin-bottom: 10vh !important;}&#8221;][vc_column fixed=&#8221;thb-fixed&#8221; width=&#8221;1\/3&#8243; css=&#8221;.vc_custom_1531485361835{padding-right: 20px !important;}&#8221;][vc_column_text]\n<h3>Australie<\/h3>\n<p><strong>alphaXRT<\/strong><br \/>\nSuite 1.15, Level 1<br \/>\n90-96 Bourke Road<br \/>\nAlexandria NSW 2015 \/ Australia[\/vc_column_text][vc_empty_space][\/vc_column][vc_column width=&#8221;1\/3&#8243;][vc_column_text]\n<h3>Chine<\/h3>\n<p><strong>Beijing Huahe Tehnology C., Ltd<\/strong><br \/>\nRoom 2313-2315, Building E2<br \/>\n12 Yumin Road<br \/>\nChaoyang District<br \/>\n100029 Beijing \/ China[\/vc_column_text][vc_empty_space][\/vc_column][vc_column width=&#8221;1\/3&#8243;][vc_column_text]\n<h3>Allemagne<\/h3>\n<p><strong>Schaefer Technologie GmbH<\/strong><br \/>\nRobert-Bosch-Strasse 31<br \/>\nD-63225 Langen \/ Germany[\/vc_column_text][vc_empty_space][\/vc_column][\/vc_row][vc_row css=&#8221;.vc_custom_1531485647105{margin-bottom: 10vh !important;}&#8221;][vc_column fixed=&#8221;thb-fixed&#8221; width=&#8221;1\/3&#8243; css=&#8221;.vc_custom_1531485361835{padding-right: 20px !important;}&#8221;][vc_column_text]\n<h3>Cor\u00e9e du Sud<\/h3>\n<p><strong>Wooyang Photonics Co., Ltd<\/strong><br \/>\nLeaders Bldg Room # 1301<br \/>\n1599-11 Seocho-Dong, Seocho-ku<br \/>\nSeoul \/ Korea[\/vc_column_text][vc_empty_space][\/vc_column][vc_column width=&#8221;1\/3&#8243;][vc_column_text]\n<h3>Nouvelle Z\u00e9lande<\/h3>\n<p><strong>Alphatech Systems Limited<\/strong><br \/>\nPO Box 62613<br \/>\nGreenlane, Auckland 1546 \/ New Zealand[\/vc_column_text][vc_empty_space][\/vc_column][vc_column width=&#8221;1\/3&#8243;][vc_column_text]\n<h3>Espagne<\/h3>\n<p><strong>DataTec Instruments, SL.<\/strong><br \/>\nC\/Manuel Tovar n\u00ba36<br \/>\n28034, Madrid \/ Spain[\/vc_column_text][vc_empty_space][\/vc_column][\/vc_row][vc_row css=&#8221;.vc_custom_1531485647105{margin-bottom: 10vh !important;}&#8221;][vc_column fixed=&#8221;thb-fixed&#8221; width=&#8221;1\/3&#8243; css=&#8221;.vc_custom_1531485361835{padding-right: 20px !important;}&#8221;][vc_column_text]\n<h3>Etats-Unis, Canada et Mexique<\/h3>\n<p><strong>GMW Associates<\/strong><br \/>\n955 Industrial Road<br \/>\nSan Carlos, CA 94070 \/ USA[\/vc_column_text][vc_empty_space][\/vc_column][vc_column width=&#8221;1\/3&#8243;][vc_column_text]\n<h3>Portugal<\/h3>\n<p><strong>eNGN Test &amp; Measurement<\/strong><br \/>\nMetropolitan Business Center<br \/>\nRue Fernando Namora 4-3 A<br \/>\n2675-487 Odivelas \/ Portugal[\/vc_column_text][vc_empty_space][\/vc_column][vc_column width=&#8221;1\/3&#8243;][vc_column_text]\n<h3>Royaume-Uni<\/h3>\n<p><strong>Link Microtek Ltd<\/strong><br \/>\nBasingstoke, Hampshire, UK[\/vc_column_text][vc_empty_space][\/vc_column][\/vc_row][vc_row css=&#8221;.vc_custom_1531485647105{margin-bottom: 10vh !important;}&#8221;][vc_column fixed=&#8221;thb-fixed&#8221; width=&#8221;1\/3&#8243; css=&#8221;.vc_custom_1531485361835{padding-right: 20px !important;}&#8221;][vc_column_text]\n<h3>France<\/h3>\n<p><strong>CMPhy<\/strong><br \/>\n26 rue Paul Sabatier<br \/>\n71530 Crissey, France[\/vc_column_text][vc_empty_space][\/vc_column][vc_column width=&#8221;1\/3&#8243;][vc_empty_space][\/vc_column][vc_column width=&#8221;1\/3&#8243;][vc_empty_space][\/vc_column][\/vc_row][vc_row css=&#8221;.vc_custom_1531485647105{margin-bottom: 10vh !important;}&#8221;][vc_column fixed=&#8221;thb-fixed&#8221; css=&#8221;.vc_custom_1531485361835{padding-right: 20px !important;}&#8221;][vc_empty_space][vc_row_inner css=&#8221;.vc_custom_1531488796810{border-top-width: 1px !important;border-right-width: 1px !important;border-bottom-width: 1px !important;border-left-width: 1px !important;padding-top: 8% !important;padding-right: 10% !important;padding-bottom: 8% !important;padding-left: 10% !important;background-color: #f4fdfe !important;border-left-color: #8adce7 !important;border-left-style: solid !important;border-right-color: #8adce7 !important;border-right-style: solid !important;border-top-color: #8adce7 !important;border-top-style: solid !important;border-bottom-color: #8adce7 !important;border-bottom-style: solid !important;}&#8221;][vc_column_inner el_class=&#8221;text-center&#8221;][vc_column_text]\n<h3>Vous souhaitez contacter nos distributeurs?<\/h3>\n[\/vc_column_text][vc_column_text]Notre \u00e9quipe se tient \u00e0 votre enti\u00e8re disposition pour vous mettre en relation avec nos distributeurs selon vos besoins.[\/vc_column_text]\t<a id=\"thb-button-69d28c4c8371b\" class=\"btn style1 small  accent no-radius    \" href=\"#\" target=\"_self\" role=\"button\">\n\t\t<span>Contactez-nous<\/span>\n\t\t\t<\/a>\n\t\t[\/vc_column_inner][\/vc_row_inner][\/vc_column][\/vc_row]\n<\/div>","protected":false},"excerpt":{"rendered":"<p>[vc_row thb_full_width=&#8221;true&#8221; thb_row_padding=&#8221;true&#8221; thb_column_padding=&#8221;true&#8221; css=&#8221;.vc_custom_1696338942750{margin-bottom: 10vh !important;padding-top: 12vh !important;padding-bottom: 12vh !important;background: #223a86 url(https:\/\/www.metrolab.com\/wp-content\/uploads\/2023\/07\/metrolab-web-1-1.jpg?id=16393) !important;background-position: center !important;background-repeat: no-repeat !important;background-size: cover !important;}&#8221; bg_gradient1=&#8221;rgba(34,58,134,0.4)&#8221; bg_gradient2=&#8221;rgba(34,58,134,0.6)&#8221;][vc_column][vc_row_inner][vc_column_inner thb_color=&#8221;thb-light-column&#8221; offset=&#8221;vc_col-lg-5 vc_col-md-7&#8243;][vc_empty_space height=&#8221;12px&#8221;][vc_column_text animation=&#8221;animation fade-in&#8221;]La confiance de nos distributeurs nous permet d\u2019\u00eatre pr\u00e9sents dans le monde entier.[\/vc_column_text][\/vc_column_inner][\/vc_row_inner][\/vc_column][\/vc_row][vc_row css=&#8221;.vc_custom_1531485647105{margin-bottom: 10vh !important;}&#8221;][vc_column fixed=&#8221;thb-fixed&#8221; width=&#8221;1\/3&#8243; css=&#8221;.vc_custom_1531485361835{padding-right: 20px !important;}&#8221;][vc_column_text] Si\u00e8ge Suisse Metrolab Technology SA ch. du&hellip;<\/p>\n","protected":false},"author":1,"featured_media":0,"parent":0,"menu_order":0,"comment_status":"closed","ping_status":"closed","template":"","meta":{"_acf_changed":false,"content-type":"","inline_featured_image":false,"_monsterinsights_skip_tracking":false,"_monsterinsights_sitenote_active":false,"_monsterinsights_sitenote_note":"","_monsterinsights_sitenote_category":0,"footnotes":""},"class_list":["post-16889","page","type-page","status-publish","hentry"],"acf":[],"yoast_head":"<!-- This site is optimized with the Yoast SEO plugin v22.7 - https:\/\/yoast.com\/wordpress\/plugins\/seo\/ -->\n<title>Distributeurs - MetroLab<\/title>\n<meta name=\"robots\" content=\"index, follow, max-snippet:-1, max-image-preview:large, max-video-preview:-1\" \/>\n<link rel=\"canonical\" href=\"https:\/\/www.metrolab.com\/fr\/distributeurs\/\" \/>\n<meta property=\"og:locale\" content=\"fr_FR\" \/>\n<meta property=\"og:type\" content=\"article\" \/>\n<meta property=\"og:title\" content=\"Distributeurs - MetroLab\" \/>\n<meta property=\"og:description\" content=\"[vc_row thb_full_width=&#8221;true&#8221; thb_row_padding=&#8221;true&#8221; thb_column_padding=&#8221;true&#8221; css=&#8221;.vc_custom_1696338942750{margin-bottom: 10vh !important;padding-top: 12vh !important;padding-bottom: 12vh !important;background: #223a86 url(https:\/\/www.metrolab.com\/wp-content\/uploads\/2023\/07\/metrolab-web-1-1.jpg?id=16393) !important;background-position: center !important;background-repeat: no-repeat !important;background-size: cover !important;}&#8221; bg_gradient1=&#8221;rgba(34,58,134,0.4)&#8221; bg_gradient2=&#8221;rgba(34,58,134,0.6)&#8221;][vc_column][vc_row_inner][vc_column_inner thb_color=&#8221;thb-light-column&#8221; offset=&#8221;vc_col-lg-5 vc_col-md-7&#8243;][vc_empty_space height=&#8221;12px&#8221;][vc_column_text animation=&#8221;animation fade-in&#8221;]La confiance de nos distributeurs nous permet d\u2019\u00eatre pr\u00e9sents dans le monde entier.[\/vc_column_text][\/vc_column_inner][\/vc_row_inner][\/vc_column][\/vc_row][vc_row css=&#8221;.vc_custom_1531485647105{margin-bottom: 10vh !important;}&#8221;][vc_column fixed=&#8221;thb-fixed&#8221; width=&#8221;1\/3&#8243; css=&#8221;.vc_custom_1531485361835{padding-right: 20px !important;}&#8221;][vc_column_text] Si\u00e8ge Suisse Metrolab Technology SA ch. du&hellip;\" \/>\n<meta property=\"og:url\" content=\"https:\/\/www.metrolab.com\/fr\/distributeurs\/\" \/>\n<meta property=\"og:site_name\" content=\"MetroLab\" \/>\n<meta property=\"article:publisher\" content=\"https:\/\/www.facebook.com\/metrolabtech\" \/>\n<meta property=\"article:modified_time\" content=\"2023-10-03T13:31:30+00:00\" \/>\n<meta name=\"twitter:card\" content=\"summary_large_image\" \/>\n<meta name=\"twitter:label1\" content=\"Dur\u00e9e de lecture estim\u00e9e\" \/>\n\t<meta name=\"twitter:data1\" content=\"4 minutes\" \/>\n<script type=\"application\/ld+json\" class=\"yoast-schema-graph\">{\"@context\":\"https:\/\/schema.org\",\"@graph\":[{\"@type\":\"WebPage\",\"@id\":\"https:\/\/www.metrolab.com\/fr\/distributeurs\/\",\"url\":\"https:\/\/www.metrolab.com\/fr\/distributeurs\/\",\"name\":\"Distributeurs - MetroLab\",\"isPartOf\":{\"@id\":\"https:\/\/www.metrolab.com\/#website\"},\"datePublished\":\"2023-10-03T13:16:18+00:00\",\"dateModified\":\"2023-10-03T13:31:30+00:00\",\"breadcrumb\":{\"@id\":\"https:\/\/www.metrolab.com\/fr\/distributeurs\/#breadcrumb\"},\"inLanguage\":\"fr-FR\",\"potentialAction\":[{\"@type\":\"ReadAction\",\"target\":[\"https:\/\/www.metrolab.com\/fr\/distributeurs\/\"]}]},{\"@type\":\"BreadcrumbList\",\"@id\":\"https:\/\/www.metrolab.com\/fr\/distributeurs\/#breadcrumb\",\"itemListElement\":[{\"@type\":\"ListItem\",\"position\":1,\"name\":\"Home\",\"item\":\"https:\/\/www.metrolab.com\/fr\/\"},{\"@type\":\"ListItem\",\"position\":2,\"name\":\"Distributeurs\"}]},{\"@type\":\"WebSite\",\"@id\":\"https:\/\/www.metrolab.com\/#website\",\"url\":\"https:\/\/www.metrolab.com\/\",\"name\":\"Metrolab\",\"description\":\"Magnet Precision has a name\",\"publisher\":{\"@id\":\"https:\/\/www.metrolab.com\/#organization\"},\"potentialAction\":[{\"@type\":\"SearchAction\",\"target\":{\"@type\":\"EntryPoint\",\"urlTemplate\":\"https:\/\/www.metrolab.com\/?s={search_term_string}\"},\"query-input\":\"required name=search_term_string\"}],\"inLanguage\":\"fr-FR\"},{\"@type\":\"Organization\",\"@id\":\"https:\/\/www.metrolab.com\/#organization\",\"name\":\"Metrolab Technology SA\",\"url\":\"https:\/\/www.metrolab.com\/\",\"logo\":{\"@type\":\"ImageObject\",\"inLanguage\":\"fr-FR\",\"@id\":\"https:\/\/www.metrolab.com\/#\/schema\/logo\/image\/\",\"url\":\"https:\/\/www.metrolab.com\/wp-content\/uploads\/2023\/07\/metrolab-logo-web.png\",\"contentUrl\":\"https:\/\/www.metrolab.com\/wp-content\/uploads\/2023\/07\/metrolab-logo-web.png\",\"width\":350,\"height\":55,\"caption\":\"Metrolab Technology SA\"},\"image\":{\"@id\":\"https:\/\/www.metrolab.com\/#\/schema\/logo\/image\/\"},\"sameAs\":[\"https:\/\/www.facebook.com\/metrolabtech\",\"https:\/\/www.linkedin.com\/company\/metrolab-technology\/\",\"https:\/\/www.youtube.com\/channel\/UCxOV77HrPs6xb1weLsByedA\"]}]}<\/script>\n<!-- \/ Yoast SEO plugin. -->","yoast_head_json":{"title":"Distributeurs - MetroLab","robots":{"index":"index","follow":"follow","max-snippet":"max-snippet:-1","max-image-preview":"max-image-preview:large","max-video-preview":"max-video-preview:-1"},"canonical":"https:\/\/www.metrolab.com\/fr\/distributeurs\/","og_locale":"fr_FR","og_type":"article","og_title":"Distributeurs - MetroLab","og_description":"[vc_row thb_full_width=&#8221;true&#8221; thb_row_padding=&#8221;true&#8221; thb_column_padding=&#8221;true&#8221; css=&#8221;.vc_custom_1696338942750{margin-bottom: 10vh !important;padding-top: 12vh !important;padding-bottom: 12vh !important;background: #223a86 url(https:\/\/www.metrolab.com\/wp-content\/uploads\/2023\/07\/metrolab-web-1-1.jpg?id=16393) !important;background-position: center !important;background-repeat: no-repeat !important;background-size: cover !important;}&#8221; bg_gradient1=&#8221;rgba(34,58,134,0.4)&#8221; bg_gradient2=&#8221;rgba(34,58,134,0.6)&#8221;][vc_column][vc_row_inner][vc_column_inner thb_color=&#8221;thb-light-column&#8221; offset=&#8221;vc_col-lg-5 vc_col-md-7&#8243;][vc_empty_space height=&#8221;12px&#8221;][vc_column_text animation=&#8221;animation fade-in&#8221;]La confiance de nos distributeurs nous permet d\u2019\u00eatre pr\u00e9sents dans le monde entier.[\/vc_column_text][\/vc_column_inner][\/vc_row_inner][\/vc_column][\/vc_row][vc_row css=&#8221;.vc_custom_1531485647105{margin-bottom: 10vh !important;}&#8221;][vc_column fixed=&#8221;thb-fixed&#8221; width=&#8221;1\/3&#8243; css=&#8221;.vc_custom_1531485361835{padding-right: 20px !important;}&#8221;][vc_column_text] Si\u00e8ge Suisse Metrolab Technology SA ch. du&hellip;","og_url":"https:\/\/www.metrolab.com\/fr\/distributeurs\/","og_site_name":"MetroLab","article_publisher":"https:\/\/www.facebook.com\/metrolabtech","article_modified_time":"2023-10-03T13:31:30+00:00","twitter_card":"summary_large_image","twitter_misc":{"Dur\u00e9e de lecture estim\u00e9e":"4 minutes"},"schema":{"@context":"https:\/\/schema.org","@graph":[{"@type":"WebPage","@id":"https:\/\/www.metrolab.com\/fr\/distributeurs\/","url":"https:\/\/www.metrolab.com\/fr\/distributeurs\/","name":"Distributeurs - MetroLab","isPartOf":{"@id":"https:\/\/www.metrolab.com\/#website"},"datePublished":"2023-10-03T13:16:18+00:00","dateModified":"2023-10-03T13:31:30+00:00","breadcrumb":{"@id":"https:\/\/www.metrolab.com\/fr\/distributeurs\/#breadcrumb"},"inLanguage":"fr-FR","potentialAction":[{"@type":"ReadAction","target":["https:\/\/www.metrolab.com\/fr\/distributeurs\/"]}]},{"@type":"BreadcrumbList","@id":"https:\/\/www.metrolab.com\/fr\/distributeurs\/#breadcrumb","itemListElement":[{"@type":"ListItem","position":1,"name":"Home","item":"https:\/\/www.metrolab.com\/fr\/"},{"@type":"ListItem","position":2,"name":"Distributeurs"}]},{"@type":"WebSite","@id":"https:\/\/www.metrolab.com\/#website","url":"https:\/\/www.metrolab.com\/","name":"Metrolab","description":"Magnet Precision has a name","publisher":{"@id":"https:\/\/www.metrolab.com\/#organization"},"potentialAction":[{"@type":"SearchAction","target":{"@type":"EntryPoint","urlTemplate":"https:\/\/www.metrolab.com\/?s={search_term_string}"},"query-input":"required name=search_term_string"}],"inLanguage":"fr-FR"},{"@type":"Organization","@id":"https:\/\/www.metrolab.com\/#organization","name":"Metrolab Technology SA","url":"https:\/\/www.metrolab.com\/","logo":{"@type":"ImageObject","inLanguage":"fr-FR","@id":"https:\/\/www.metrolab.com\/#\/schema\/logo\/image\/","url":"https:\/\/www.metrolab.com\/wp-content\/uploads\/2023\/07\/metrolab-logo-web.png","contentUrl":"https:\/\/www.metrolab.com\/wp-content\/uploads\/2023\/07\/metrolab-logo-web.png","width":350,"height":55,"caption":"Metrolab Technology SA"},"image":{"@id":"https:\/\/www.metrolab.com\/#\/schema\/logo\/image\/"},"sameAs":["https:\/\/www.facebook.com\/metrolabtech","https:\/\/www.linkedin.com\/company\/metrolab-technology\/","https:\/\/www.youtube.com\/channel\/UCxOV77HrPs6xb1weLsByedA"]}]}},"_links":{"self":[{"href":"https:\/\/www.metrolab.com\/fr\/wp-json\/wp\/v2\/pages\/16889","targetHints":{"allow":["GET"]}}],"collection":[{"href":"https:\/\/www.metrolab.com\/fr\/wp-json\/wp\/v2\/pages"}],"about":[{"href":"https:\/\/www.metrolab.com\/fr\/wp-json\/wp\/v2\/types\/page"}],"author":[{"embeddable":true,"href":"https:\/\/www.metrolab.com\/fr\/wp-json\/wp\/v2\/users\/1"}],"replies":[{"embeddable":true,"href":"https:\/\/www.metrolab.com\/fr\/wp-json\/wp\/v2\/comments?post=16889"}],"version-history":[{"count":4,"href":"https:\/\/www.metrolab.com\/fr\/wp-json\/wp\/v2\/pages\/16889\/revisions"}],"predecessor-version":[{"id":16893,"href":"https:\/\/www.metrolab.com\/fr\/wp-json\/wp\/v2\/pages\/16889\/revisions\/16893"}],"wp:attachment":[{"href":"https:\/\/www.metrolab.com\/fr\/wp-json\/wp\/v2\/media?parent=16889"}],"curies":[{"name":"wp","href":"https:\/\/api.w.org\/{rel}","templated":true}]}}